{"id":3987,"date":"2026-02-27T19:21:12","date_gmt":"2026-02-27T18:21:12","guid":{"rendered":"https:\/\/cellersabate.com\/?post_type=product&#038;p=3987"},"modified":"2026-02-27T19:22:18","modified_gmt":"2026-02-27T18:22:18","slug":"1909-plantadeta-carinena-centenaire-2022-copia","status":"publish","type":"product","link":"https:\/\/cellersabate.com\/fr\/1909-plantadeta-carinena-centenaire-2022-copia\/","title":{"rendered":"1909 Plantadeta cari\u00f1ena centenaire 2022 (copia)"},"content":{"rendered":"","protected":false},"excerpt":{"rendered":"<p>Plant\u00e9e en 1909 par l&rsquo;arri\u00e8re-grand-p\u00e8re Jaume Sabat\u00e9. Cari\u00f1ena \u00e0 l&rsquo;\u00e9tat pur, concentration et puret\u00e9, vieilli en jarre de terre fabriqu\u00e9e sp\u00e9cialement pour ce vin.<br \/>\n<strong>Production tr\u00e8s limit\u00e9e&nbsp;: 186&nbsp;bouteilles num\u00e9rot\u00e9es.<\/strong><\/p>\n","protected":false},"featured_media":3038,"comment_status":"open","ping_status":"closed","template":"","meta":[],"product_brand":[],"product_cat":[97],"product_tag":[100,101],"class_list":{"0":"post-3987","1":"product","2":"type-product","3":"status-publish","4":"has-post-thumbnail","6":"product_cat-vins","7":"product_tag-plantadeta","8":"product_tag-topvino","10":"first","11":"instock","12":"taxable","13":"shipping-taxable","14":"purchasable","15":"product-type-simple"},"_links":{"self":[{"href":"https:\/\/cellersabate.com\/fr\/wp-json\/wp\/v2\/product\/3987","targetHints":{"allow":["GET"]}}],"collection":[{"href":"https:\/\/cellersabate.com\/fr\/wp-json\/wp\/v2\/product"}],"about":[{"href":"https:\/\/cellersabate.com\/fr\/wp-json\/wp\/v2\/types\/product"}],"replies":[{"embeddable":true,"href":"https:\/\/cellersabate.com\/fr\/wp-json\/wp\/v2\/comments?post=3987"}],"version-history":[{"count":1,"href":"https:\/\/cellersabate.com\/fr\/wp-json\/wp\/v2\/product\/3987\/revisions"}],"predecessor-version":[{"id":3990,"href":"https:\/\/cellersabate.com\/fr\/wp-json\/wp\/v2\/product\/3987\/revisions\/3990"}],"wp:featuredmedia":[{"embeddable":true,"href":"https:\/\/cellersabate.com\/fr\/wp-json\/wp\/v2\/media\/3038"}],"wp:attachment":[{"href":"https:\/\/cellersabate.com\/fr\/wp-json\/wp\/v2\/media?parent=3987"}],"wp:term":[{"taxonomy":"product_brand","embeddable":true,"href":"https:\/\/cellersabate.com\/fr\/wp-json\/wp\/v2\/product_brand?post=3987"},{"taxonomy":"product_cat","embeddable":true,"href":"https:\/\/cellersabate.com\/fr\/wp-json\/wp\/v2\/product_cat?post=3987"},{"taxonomy":"product_tag","embeddable":true,"href":"https:\/\/cellersabate.com\/fr\/wp-json\/wp\/v2\/product_tag?post=3987"}],"curies":[{"name":"wp","href":"https:\/\/api.w.org\/{rel}","templated":true}]}}