{"id":3335,"date":"2025-08-20T09:01:06","date_gmt":"2025-08-20T07:01:06","guid":{"rendered":"https:\/\/cellersabate.com\/huile-nouvelle-recolte-2025-arbequina-non-filtree-5l\/"},"modified":"2025-10-20T23:33:21","modified_gmt":"2025-10-20T21:33:21","slug":"huile-nouvelle-recolte-non-filtree-5l","status":"publish","type":"product","link":"https:\/\/cellersabate.com\/fr\/huile-nouvelle-recolte-non-filtree-5l\/","title":{"rendered":"Huile nouvelle r\u00e9colte 2025 Arbequina non filtr\u00e9e 5L"},"content":{"rendered":"","protected":false},"excerpt":{"rendered":"<p><strong>Huile vierge extra de premi\u00e8re pression, de la nouvelle r\u00e9colte 2025-2026<\/strong><br \/>\nCette huile Plantadeta est extraite des premi\u00e8res olives arbequines de la saison, a une acidit\u00e9 maximale de 0,2\u00ba avec un go\u00fbt doux et fruit\u00e9.<\/p>\n<p>\u00c9tant donn\u00e9 qu&rsquo;elle provient de la premi\u00e8re extraction, elle n&rsquo;est pas filtr\u00e9e, mais les carafes sont remplies directement avec l&rsquo;huile produite par le moulin. Elle est l\u00e9g\u00e8rement plus dense, verte et tr\u00e8s fruit\u00e9e, un d\u00e9lice.<\/p>\n<p><strong>Profitez d\u2019un excellent produit, profitez de l\u2019huile Plantadeta.<\/strong><\/p>\n<h5><span style=\"color: #008000;\">Nouvelle r\u00e9colte&nbsp;! 2025<\/span><br \/>\nFormat : Bidon de 5L.<br \/>\nNON FILTR\u00c9E<\/h5>\n","protected":false},"featured_media":3333,"comment_status":"open","ping_status":"closed","template":"","meta":[],"product_brand":[],"product_cat":[72],"product_tag":[107],"class_list":{"0":"post-3335","1":"product","2":"type-product","3":"status-publish","4":"has-post-thumbnail","6":"product_cat-huiles","7":"product_tag-topoli","9":"first","10":"instock","11":"sale","12":"taxable","13":"shipping-taxable","14":"purchasable","15":"product-type-simple"},"_links":{"self":[{"href":"https:\/\/cellersabate.com\/fr\/wp-json\/wp\/v2\/product\/3335","targetHints":{"allow":["GET"]}}],"collection":[{"href":"https:\/\/cellersabate.com\/fr\/wp-json\/wp\/v2\/product"}],"about":[{"href":"https:\/\/cellersabate.com\/fr\/wp-json\/wp\/v2\/types\/product"}],"replies":[{"embeddable":true,"href":"https:\/\/cellersabate.com\/fr\/wp-json\/wp\/v2\/comments?post=3335"}],"version-history":[{"count":0,"href":"https:\/\/cellersabate.com\/fr\/wp-json\/wp\/v2\/product\/3335\/revisions"}],"wp:featuredmedia":[{"embeddable":true,"href":"https:\/\/cellersabate.com\/fr\/wp-json\/wp\/v2\/media\/3333"}],"wp:attachment":[{"href":"https:\/\/cellersabate.com\/fr\/wp-json\/wp\/v2\/media?parent=3335"}],"wp:term":[{"taxonomy":"product_brand","embeddable":true,"href":"https:\/\/cellersabate.com\/fr\/wp-json\/wp\/v2\/product_brand?post=3335"},{"taxonomy":"product_cat","embeddable":true,"href":"https:\/\/cellersabate.com\/fr\/wp-json\/wp\/v2\/product_cat?post=3335"},{"taxonomy":"product_tag","embeddable":true,"href":"https:\/\/cellersabate.com\/fr\/wp-json\/wp\/v2\/product_tag?post=3335"}],"curies":[{"name":"wp","href":"https:\/\/api.w.org\/{rel}","templated":true}]}}