{"id":3269,"date":"2025-07-31T12:05:43","date_gmt":"2025-07-31T10:05:43","guid":{"rendered":"https:\/\/cellersabate.com\/gratacels-entre-vinyes-2020-vi-de-paratge\/"},"modified":"2025-10-20T23:39:51","modified_gmt":"2025-10-20T21:39:51","slug":"gratacels-entre-vinyes","status":"publish","type":"product","link":"https:\/\/cellersabate.com\/fr\/gratacels-entre-vinyes\/","title":{"rendered":"Gratacels Entre Vinyes 2020 Vi de Paratge"},"content":{"rendered":"","protected":false},"excerpt":{"rendered":"<p>Gratacels entre Vinyes est un hommage au village de la Vilella Baixa, o\u00f9 se trouve la cave Celler Sabat\u00e9. L\u2019\u00e9tiquette repr\u00e9sente la silhouette du village, tr\u00e8s pittoresque. Vin en \u00e9dition limit\u00e9e. <\/p>\n","protected":false},"featured_media":3267,"comment_status":"open","ping_status":"closed","template":"","meta":[],"product_brand":[],"product_cat":[97],"product_tag":[100,101],"class_list":{"0":"post-3269","1":"product","2":"type-product","3":"status-publish","4":"has-post-thumbnail","6":"product_cat-vins","7":"product_tag-plantadeta","8":"product_tag-topvino","10":"first","11":"instock","12":"taxable","13":"shipping-taxable","14":"purchasable","15":"product-type-simple"},"_links":{"self":[{"href":"https:\/\/cellersabate.com\/fr\/wp-json\/wp\/v2\/product\/3269","targetHints":{"allow":["GET"]}}],"collection":[{"href":"https:\/\/cellersabate.com\/fr\/wp-json\/wp\/v2\/product"}],"about":[{"href":"https:\/\/cellersabate.com\/fr\/wp-json\/wp\/v2\/types\/product"}],"replies":[{"embeddable":true,"href":"https:\/\/cellersabate.com\/fr\/wp-json\/wp\/v2\/comments?post=3269"}],"version-history":[{"count":0,"href":"https:\/\/cellersabate.com\/fr\/wp-json\/wp\/v2\/product\/3269\/revisions"}],"wp:featuredmedia":[{"embeddable":true,"href":"https:\/\/cellersabate.com\/fr\/wp-json\/wp\/v2\/media\/3267"}],"wp:attachment":[{"href":"https:\/\/cellersabate.com\/fr\/wp-json\/wp\/v2\/media?parent=3269"}],"wp:term":[{"taxonomy":"product_brand","embeddable":true,"href":"https:\/\/cellersabate.com\/fr\/wp-json\/wp\/v2\/product_brand?post=3269"},{"taxonomy":"product_cat","embeddable":true,"href":"https:\/\/cellersabate.com\/fr\/wp-json\/wp\/v2\/product_cat?post=3269"},{"taxonomy":"product_tag","embeddable":true,"href":"https:\/\/cellersabate.com\/fr\/wp-json\/wp\/v2\/product_tag?post=3269"}],"curies":[{"name":"wp","href":"https:\/\/api.w.org\/{rel}","templated":true}]}}