{"id":3041,"date":"2025-09-05T11:41:54","date_gmt":"2025-09-05T09:41:54","guid":{"rendered":"https:\/\/cellersabate.com\/vin-mama-mare-mother-edition-speciale\/"},"modified":"2025-10-20T22:42:28","modified_gmt":"2025-10-20T20:42:28","slug":"vin-mama-mare-mother-edition-speciale","status":"publish","type":"product","link":"https:\/\/cellersabate.com\/fr\/vin-mama-mare-mother-edition-speciale\/","title":{"rendered":"Vin Mam\u00e1 Mare Mother \u00e9dition sp\u00e9ciale"},"content":{"rendered":"","protected":false},"excerpt":{"rendered":"<p>Mam\u00e1 Mare mother est une \u00e9dition sp\u00e9ciale du Plantadeta Garnatxa Blanca, un vin blanc 100 % Garnacha Blanca.<br \/>\nAvec ce vin, nous souhaitons exprimer en un seul mot et dans de nombreuses langues : mam\u00e1, mare, mother, mor, maman, mutter, mam\u00e3e, ama, mamma&#8230; une partie d&rsquo;o\u00f9 nous venons. Tout comme le vin, qui r\u00e9v\u00e8le les terres dont il est issu, nous sommes l&rsquo;essence de nos origines : maman. <\/p>\n<p><strong>Un vin \u00e0 l&rsquo;\u00e9tiquette unique et minimaliste, capable de r\u00e9v\u00e9ler votre c\u00f4t\u00e9 artistique. Personnalisez-le, lib\u00e9rez votre cr\u00e9ativit\u00e9 et faites-en un vin unique Faites que la personne qui le recevra se sente sp\u00e9ciale.  <\/strong>Nous vous proposons le meilleur vin pour la F\u00eate des M\u00e8res. Un cadeau original pour les futures mamans ou les mamans exp\u00e9riment\u00e9es, en bref, le cadeau id\u00e9al pour la meilleure maman. <\/p>\n","protected":false},"featured_media":2651,"comment_status":"open","ping_status":"closed","template":"","meta":[],"product_brand":[],"product_cat":[97],"product_tag":[106],"class_list":{"0":"post-3041","1":"product","2":"type-product","3":"status-publish","4":"has-post-thumbnail","6":"product_cat-vins","7":"product_tag-speciales","9":"first","10":"instock","11":"taxable","12":"shipping-taxable","13":"purchasable","14":"product-type-simple"},"_links":{"self":[{"href":"https:\/\/cellersabate.com\/fr\/wp-json\/wp\/v2\/product\/3041","targetHints":{"allow":["GET"]}}],"collection":[{"href":"https:\/\/cellersabate.com\/fr\/wp-json\/wp\/v2\/product"}],"about":[{"href":"https:\/\/cellersabate.com\/fr\/wp-json\/wp\/v2\/types\/product"}],"replies":[{"embeddable":true,"href":"https:\/\/cellersabate.com\/fr\/wp-json\/wp\/v2\/comments?post=3041"}],"version-history":[{"count":0,"href":"https:\/\/cellersabate.com\/fr\/wp-json\/wp\/v2\/product\/3041\/revisions"}],"wp:featuredmedia":[{"embeddable":true,"href":"https:\/\/cellersabate.com\/fr\/wp-json\/wp\/v2\/media\/2651"}],"wp:attachment":[{"href":"https:\/\/cellersabate.com\/fr\/wp-json\/wp\/v2\/media?parent=3041"}],"wp:term":[{"taxonomy":"product_brand","embeddable":true,"href":"https:\/\/cellersabate.com\/fr\/wp-json\/wp\/v2\/product_brand?post=3041"},{"taxonomy":"product_cat","embeddable":true,"href":"https:\/\/cellersabate.com\/fr\/wp-json\/wp\/v2\/product_cat?post=3041"},{"taxonomy":"product_tag","embeddable":true,"href":"https:\/\/cellersabate.com\/fr\/wp-json\/wp\/v2\/product_tag?post=3041"}],"curies":[{"name":"wp","href":"https:\/\/api.w.org\/{rel}","templated":true}]}}