{"id":3027,"date":"2025-08-20T10:47:43","date_gmt":"2025-08-20T08:47:43","guid":{"rendered":"https:\/\/cellersabate.com\/pate-dolives-arbequines\/"},"modified":"2025-11-09T18:37:38","modified_gmt":"2025-11-09T17:37:38","slug":"pate-dolives-arbequines","status":"publish","type":"product","link":"https:\/\/cellersabate.com\/fr\/pate-dolives-arbequines\/","title":{"rendered":"P\u00e2te d&rsquo;olives arbequines"},"content":{"rendered":"","protected":false},"excerpt":{"rendered":"<p>Exquise <strong>p\u00e2te d&rsquo;olives arbequines<\/strong> broy\u00e9es, mac\u00e9r\u00e9es avec des herbes aromatiques et conditionn\u00e9es avec de l&rsquo;huile d&rsquo;arbequine vierge extra.<\/p>\n","protected":false},"featured_media":2957,"comment_status":"open","ping_status":"closed","template":"","meta":[],"product_brand":[],"product_cat":[72],"product_tag":[74],"class_list":{"0":"post-3027","1":"product","2":"type-product","3":"status-publish","4":"has-post-thumbnail","6":"product_cat-huiles","7":"product_tag-olives","9":"first","10":"instock","11":"taxable","12":"shipping-taxable","13":"purchasable","14":"product-type-simple"},"_links":{"self":[{"href":"https:\/\/cellersabate.com\/fr\/wp-json\/wp\/v2\/product\/3027","targetHints":{"allow":["GET"]}}],"collection":[{"href":"https:\/\/cellersabate.com\/fr\/wp-json\/wp\/v2\/product"}],"about":[{"href":"https:\/\/cellersabate.com\/fr\/wp-json\/wp\/v2\/types\/product"}],"replies":[{"embeddable":true,"href":"https:\/\/cellersabate.com\/fr\/wp-json\/wp\/v2\/comments?post=3027"}],"version-history":[{"count":1,"href":"https:\/\/cellersabate.com\/fr\/wp-json\/wp\/v2\/product\/3027\/revisions"}],"predecessor-version":[{"id":3818,"href":"https:\/\/cellersabate.com\/fr\/wp-json\/wp\/v2\/product\/3027\/revisions\/3818"}],"wp:featuredmedia":[{"embeddable":true,"href":"https:\/\/cellersabate.com\/fr\/wp-json\/wp\/v2\/media\/2957"}],"wp:attachment":[{"href":"https:\/\/cellersabate.com\/fr\/wp-json\/wp\/v2\/media?parent=3027"}],"wp:term":[{"taxonomy":"product_brand","embeddable":true,"href":"https:\/\/cellersabate.com\/fr\/wp-json\/wp\/v2\/product_brand?post=3027"},{"taxonomy":"product_cat","embeddable":true,"href":"https:\/\/cellersabate.com\/fr\/wp-json\/wp\/v2\/product_cat?post=3027"},{"taxonomy":"product_tag","embeddable":true,"href":"https:\/\/cellersabate.com\/fr\/wp-json\/wp\/v2\/product_tag?post=3027"}],"curies":[{"name":"wp","href":"https:\/\/api.w.org\/{rel}","templated":true}]}}