{"id":3002,"date":"2025-07-31T10:56:00","date_gmt":"2025-07-31T08:56:00","guid":{"rendered":"https:\/\/cellersabate.com\/plantadeta-blanc-2024\/"},"modified":"2025-10-20T23:17:40","modified_gmt":"2025-10-20T21:17:40","slug":"plantadeta-blanc","status":"publish","type":"product","link":"https:\/\/cellersabate.com\/fr\/plantadeta-blanc\/","title":{"rendered":"Plantadeta Blanc 2024"},"content":{"rendered":"","protected":false},"excerpt":{"rendered":"<p>C&rsquo;est un vin blanc d&rsquo;assemblage de Garnacha Blanca et de Moscatel provenant de vieilles vignes du domaine \u00ab La Plantadeta \u00bb (Vilella Baixa). Il a des ar\u00f4mes de fleurs et de fruits tropicaux, avec une touche \u00e9pic\u00e9e que nous offre le bois. En bouche, il a une entr\u00e9e facile et une \u00e9volution compl\u00e8te.  <\/p>\n","protected":false},"featured_media":3259,"comment_status":"open","ping_status":"closed","template":"","meta":[],"product_brand":[],"product_cat":[97],"product_tag":[100,101],"class_list":{"0":"post-3002","1":"product","2":"type-product","3":"status-publish","4":"has-post-thumbnail","6":"product_cat-vins","7":"product_tag-plantadeta","8":"product_tag-topvino","10":"first","11":"instock","12":"taxable","13":"shipping-taxable","14":"purchasable","15":"product-type-simple"},"_links":{"self":[{"href":"https:\/\/cellersabate.com\/fr\/wp-json\/wp\/v2\/product\/3002","targetHints":{"allow":["GET"]}}],"collection":[{"href":"https:\/\/cellersabate.com\/fr\/wp-json\/wp\/v2\/product"}],"about":[{"href":"https:\/\/cellersabate.com\/fr\/wp-json\/wp\/v2\/types\/product"}],"replies":[{"embeddable":true,"href":"https:\/\/cellersabate.com\/fr\/wp-json\/wp\/v2\/comments?post=3002"}],"version-history":[{"count":0,"href":"https:\/\/cellersabate.com\/fr\/wp-json\/wp\/v2\/product\/3002\/revisions"}],"wp:featuredmedia":[{"embeddable":true,"href":"https:\/\/cellersabate.com\/fr\/wp-json\/wp\/v2\/media\/3259"}],"wp:attachment":[{"href":"https:\/\/cellersabate.com\/fr\/wp-json\/wp\/v2\/media?parent=3002"}],"wp:term":[{"taxonomy":"product_brand","embeddable":true,"href":"https:\/\/cellersabate.com\/fr\/wp-json\/wp\/v2\/product_brand?post=3002"},{"taxonomy":"product_cat","embeddable":true,"href":"https:\/\/cellersabate.com\/fr\/wp-json\/wp\/v2\/product_cat?post=3002"},{"taxonomy":"product_tag","embeddable":true,"href":"https:\/\/cellersabate.com\/fr\/wp-json\/wp\/v2\/product_tag?post=3002"}],"curies":[{"name":"wp","href":"https:\/\/api.w.org\/{rel}","templated":true}]}}