{"id":2983,"date":"2025-08-20T10:46:45","date_gmt":"2025-08-20T08:46:45","guid":{"rendered":"https:\/\/cellersabate.com\/noix-avec-coquille-1-kg\/"},"modified":"2025-10-20T23:28:09","modified_gmt":"2025-10-20T21:28:09","slug":"noix-avec-coquille","status":"publish","type":"product","link":"https:\/\/cellersabate.com\/fr\/noix-avec-coquille\/","title":{"rendered":"Noix avec coquille 1 kg"},"content":{"rendered":"","protected":false},"excerpt":{"rendered":"<p>Nueces del Celler Sabat\u00e9, de la Finca Plantadeta, en la comarca del Priorat, tienen un sabor buen\u00edsimo y muy natural.<br \/>\nSe cultivan como se ha hecho siempre, con mimo y sin prisas.<br \/>\nLos nogales estan rodeados de vi\u00f1edos, olivos y monta\u00f1as, en un sitio \u00fanico.<br \/>\n<span class=\"jet-listing-dynamic-field__content\"><strong>R\u00c9COLTE ET S\u00c9CHAGE<\/strong><br \/>\nLes noix sont s\u00e9ch\u00e9es naturellement au soleil, dans des filets. Elles sont ensuite ensach\u00e9es dans des filets pour favoriser la ventilation et \u00e9viter la r\u00e9absorption d&rsquo;humidit\u00e9. <\/span><\/p>\n<p>Poids&nbsp;: 1&nbsp;kilo au moment de la mise en sac.<br \/>\n R\u00e9colte 2025<\/p>\n","protected":false},"featured_media":2982,"comment_status":"open","ping_status":"closed","template":"","meta":[],"product_brand":[],"product_cat":[72],"product_tag":[73],"class_list":{"0":"post-2983","1":"product","2":"type-product","3":"status-publish","4":"has-post-thumbnail","6":"product_cat-huiles","7":"product_tag-autres","9":"first","10":"instock","11":"taxable","12":"shipping-taxable","13":"purchasable","14":"product-type-simple"},"_links":{"self":[{"href":"https:\/\/cellersabate.com\/fr\/wp-json\/wp\/v2\/product\/2983","targetHints":{"allow":["GET"]}}],"collection":[{"href":"https:\/\/cellersabate.com\/fr\/wp-json\/wp\/v2\/product"}],"about":[{"href":"https:\/\/cellersabate.com\/fr\/wp-json\/wp\/v2\/types\/product"}],"replies":[{"embeddable":true,"href":"https:\/\/cellersabate.com\/fr\/wp-json\/wp\/v2\/comments?post=2983"}],"version-history":[{"count":0,"href":"https:\/\/cellersabate.com\/fr\/wp-json\/wp\/v2\/product\/2983\/revisions"}],"wp:featuredmedia":[{"embeddable":true,"href":"https:\/\/cellersabate.com\/fr\/wp-json\/wp\/v2\/media\/2982"}],"wp:attachment":[{"href":"https:\/\/cellersabate.com\/fr\/wp-json\/wp\/v2\/media?parent=2983"}],"wp:term":[{"taxonomy":"product_brand","embeddable":true,"href":"https:\/\/cellersabate.com\/fr\/wp-json\/wp\/v2\/product_brand?post=2983"},{"taxonomy":"product_cat","embeddable":true,"href":"https:\/\/cellersabate.com\/fr\/wp-json\/wp\/v2\/product_cat?post=2983"},{"taxonomy":"product_tag","embeddable":true,"href":"https:\/\/cellersabate.com\/fr\/wp-json\/wp\/v2\/product_tag?post=2983"}],"curies":[{"name":"wp","href":"https:\/\/api.w.org\/{rel}","templated":true}]}}