{"id":2970,"date":"2025-08-20T10:13:58","date_gmt":"2025-08-20T08:13:58","guid":{"rendered":"https:\/\/cellersabate.com\/plantadeta-seleccio-2019-vi-de-paratge\/"},"modified":"2025-11-09T20:08:59","modified_gmt":"2025-11-09T19:08:59","slug":"plantadeta-seleccio-2019-vino-de-paraje","status":"publish","type":"product","link":"https:\/\/cellersabate.com\/fr\/plantadeta-seleccio-2019-vino-de-paraje\/","title":{"rendered":"Plantadeta Selecci\u00f3 2019 Vi de Paratge"},"content":{"rendered":"","protected":false},"excerpt":{"rendered":"<p>Depuis le mill\u00e9sime 2019, ce vin est \u00e9tiquet\u00e9 avec la mention \u00ab Vi de Paratge \u00bb, qui atteste qu\u2019il s\u2019agit d\u2019un vin d\u2019un seul lieu-dit : La Plantadeta. Production de 2873 bouteilles num\u00e9rot\u00e9es. <\/p>\n","protected":false},"featured_media":2924,"comment_status":"open","ping_status":"closed","template":"","meta":[],"product_brand":[],"product_cat":[97],"product_tag":[100,101],"class_list":{"0":"post-2970","1":"product","2":"type-product","3":"status-publish","4":"has-post-thumbnail","6":"product_cat-vins","7":"product_tag-plantadeta","8":"product_tag-topvino","10":"first","11":"instock","12":"taxable","13":"shipping-taxable","14":"purchasable","15":"product-type-variable"},"_links":{"self":[{"href":"https:\/\/cellersabate.com\/fr\/wp-json\/wp\/v2\/product\/2970","targetHints":{"allow":["GET"]}}],"collection":[{"href":"https:\/\/cellersabate.com\/fr\/wp-json\/wp\/v2\/product"}],"about":[{"href":"https:\/\/cellersabate.com\/fr\/wp-json\/wp\/v2\/types\/product"}],"replies":[{"embeddable":true,"href":"https:\/\/cellersabate.com\/fr\/wp-json\/wp\/v2\/comments?post=2970"}],"version-history":[{"count":1,"href":"https:\/\/cellersabate.com\/fr\/wp-json\/wp\/v2\/product\/2970\/revisions"}],"predecessor-version":[{"id":3873,"href":"https:\/\/cellersabate.com\/fr\/wp-json\/wp\/v2\/product\/2970\/revisions\/3873"}],"wp:featuredmedia":[{"embeddable":true,"href":"https:\/\/cellersabate.com\/fr\/wp-json\/wp\/v2\/media\/2924"}],"wp:attachment":[{"href":"https:\/\/cellersabate.com\/fr\/wp-json\/wp\/v2\/media?parent=2970"}],"wp:term":[{"taxonomy":"product_brand","embeddable":true,"href":"https:\/\/cellersabate.com\/fr\/wp-json\/wp\/v2\/product_brand?post=2970"},{"taxonomy":"product_cat","embeddable":true,"href":"https:\/\/cellersabate.com\/fr\/wp-json\/wp\/v2\/product_cat?post=2970"},{"taxonomy":"product_tag","embeddable":true,"href":"https:\/\/cellersabate.com\/fr\/wp-json\/wp\/v2\/product_tag?post=2970"}],"curies":[{"name":"wp","href":"https:\/\/api.w.org\/{rel}","templated":true}]}}