{"id":2958,"date":"2025-08-20T10:48:11","date_gmt":"2025-08-20T08:48:11","guid":{"rendered":"https:\/\/cellersabate.com\/pate-dolives-noires\/"},"modified":"2025-11-09T18:37:17","modified_gmt":"2025-11-09T17:37:17","slug":"pate-dolives-noires","status":"publish","type":"product","link":"https:\/\/cellersabate.com\/fr\/pate-dolives-noires\/","title":{"rendered":"P\u00e2te d&rsquo;olives noires"},"content":{"rendered":"","protected":false},"excerpt":{"rendered":"<p>Exquise <strong>p\u00e2te d&rsquo;olives noires<\/strong> broy\u00e9es, mac\u00e9r\u00e9es avec des herbes aromatiques et conditionn\u00e9es avec de l&rsquo;huile d&rsquo;arbequina vierge extra.<\/p>\n","protected":false},"featured_media":2956,"comment_status":"open","ping_status":"closed","template":"","meta":[],"product_brand":[],"product_cat":[72],"product_tag":[74,107],"class_list":{"0":"post-2958","1":"product","2":"type-product","3":"status-publish","4":"has-post-thumbnail","6":"product_cat-huiles","7":"product_tag-olives","8":"product_tag-topoli","10":"first","11":"instock","12":"taxable","13":"shipping-taxable","14":"purchasable","15":"product-type-simple"},"_links":{"self":[{"href":"https:\/\/cellersabate.com\/fr\/wp-json\/wp\/v2\/product\/2958","targetHints":{"allow":["GET"]}}],"collection":[{"href":"https:\/\/cellersabate.com\/fr\/wp-json\/wp\/v2\/product"}],"about":[{"href":"https:\/\/cellersabate.com\/fr\/wp-json\/wp\/v2\/types\/product"}],"replies":[{"embeddable":true,"href":"https:\/\/cellersabate.com\/fr\/wp-json\/wp\/v2\/comments?post=2958"}],"version-history":[{"count":1,"href":"https:\/\/cellersabate.com\/fr\/wp-json\/wp\/v2\/product\/2958\/revisions"}],"predecessor-version":[{"id":3817,"href":"https:\/\/cellersabate.com\/fr\/wp-json\/wp\/v2\/product\/2958\/revisions\/3817"}],"wp:featuredmedia":[{"embeddable":true,"href":"https:\/\/cellersabate.com\/fr\/wp-json\/wp\/v2\/media\/2956"}],"wp:attachment":[{"href":"https:\/\/cellersabate.com\/fr\/wp-json\/wp\/v2\/media?parent=2958"}],"wp:term":[{"taxonomy":"product_brand","embeddable":true,"href":"https:\/\/cellersabate.com\/fr\/wp-json\/wp\/v2\/product_brand?post=2958"},{"taxonomy":"product_cat","embeddable":true,"href":"https:\/\/cellersabate.com\/fr\/wp-json\/wp\/v2\/product_cat?post=2958"},{"taxonomy":"product_tag","embeddable":true,"href":"https:\/\/cellersabate.com\/fr\/wp-json\/wp\/v2\/product_tag?post=2958"}],"curies":[{"name":"wp","href":"https:\/\/api.w.org\/{rel}","templated":true}]}}