{"id":2939,"date":"2025-08-20T09:02:42","date_gmt":"2025-08-20T07:02:42","guid":{"rendered":"https:\/\/cellersabate.com\/huile-arbequina-plantadeta-5l\/"},"modified":"2025-10-20T23:20:21","modified_gmt":"2025-10-20T21:20:21","slug":"huile-arbequina-plantadeta-5l","status":"publish","type":"product","link":"https:\/\/cellersabate.com\/fr\/huile-arbequina-plantadeta-5l\/","title":{"rendered":"Huile Arbequina Plantadeta 5L"},"content":{"rendered":"","protected":false},"excerpt":{"rendered":"<p>L\u2019huile Plantadeta est compos\u00e9e \u00e0 100 % d\u2019olives arbequina, qui ont une acidit\u00e9 maximale de 0,2\u00ba avec un go\u00fbt doux et fruit\u00e9. Celler Sabat\u00e9 vous recommande de savourer cette huile et de ressentir toute la myriade de sensations qu\u2019elle procure. Elle est id\u00e9ale pour une utilisation crue comme pour la cuisson, en cuisine et dans l\u2019assiette.<\/p>\n<p>Profitez d\u2019un excellent produit, profitez de l\u2019huile Plantadeta.<br \/>\n<strong>Format :<\/strong> Bidon de 5L.<br \/>\n<strong>Huile nouvelle \u00b7 R\u00e9colte 2024-2025.<\/strong><\/p>\n","protected":false},"featured_media":2935,"comment_status":"open","ping_status":"closed","template":"","meta":[],"product_brand":[],"product_cat":[72],"product_tag":[107],"class_list":{"0":"post-2939","1":"product","2":"type-product","3":"status-publish","4":"has-post-thumbnail","6":"product_cat-huiles","7":"product_tag-topoli","9":"first","10":"instock","11":"taxable","12":"shipping-taxable","13":"purchasable","14":"product-type-simple"},"_links":{"self":[{"href":"https:\/\/cellersabate.com\/fr\/wp-json\/wp\/v2\/product\/2939","targetHints":{"allow":["GET"]}}],"collection":[{"href":"https:\/\/cellersabate.com\/fr\/wp-json\/wp\/v2\/product"}],"about":[{"href":"https:\/\/cellersabate.com\/fr\/wp-json\/wp\/v2\/types\/product"}],"replies":[{"embeddable":true,"href":"https:\/\/cellersabate.com\/fr\/wp-json\/wp\/v2\/comments?post=2939"}],"version-history":[{"count":0,"href":"https:\/\/cellersabate.com\/fr\/wp-json\/wp\/v2\/product\/2939\/revisions"}],"wp:featuredmedia":[{"embeddable":true,"href":"https:\/\/cellersabate.com\/fr\/wp-json\/wp\/v2\/media\/2935"}],"wp:attachment":[{"href":"https:\/\/cellersabate.com\/fr\/wp-json\/wp\/v2\/media?parent=2939"}],"wp:term":[{"taxonomy":"product_brand","embeddable":true,"href":"https:\/\/cellersabate.com\/fr\/wp-json\/wp\/v2\/product_brand?post=2939"},{"taxonomy":"product_cat","embeddable":true,"href":"https:\/\/cellersabate.com\/fr\/wp-json\/wp\/v2\/product_cat?post=2939"},{"taxonomy":"product_tag","embeddable":true,"href":"https:\/\/cellersabate.com\/fr\/wp-json\/wp\/v2\/product_tag?post=2939"}],"curies":[{"name":"wp","href":"https:\/\/api.w.org\/{rel}","templated":true}]}}