{"id":2936,"date":"2025-08-20T09:03:29","date_gmt":"2025-08-20T07:03:29","guid":{"rendered":"https:\/\/cellersabate.com\/huile-arbequina-plantadeta-50cl\/"},"modified":"2025-10-20T23:18:30","modified_gmt":"2025-10-20T21:18:30","slug":"huile-arbequina-plantadeta-50cl","status":"publish","type":"product","link":"https:\/\/cellersabate.com\/fr\/huile-arbequina-plantadeta-50cl\/","title":{"rendered":"Huile Arbequina Plantadeta 50cl"},"content":{"rendered":"","protected":false},"excerpt":{"rendered":"<p>L\u2019huile Plantadeta est compos\u00e9e \u00e0 100 % d\u2019olives arbequina, qui ont une acidit\u00e9 maximale de 0,2\u00ba avec un go\u00fbt doux et fruit\u00e9. Celler Sabat\u00e9 vous recommande de savourer cette huile et de ressentir toute la myriade de sensations qu\u2019elle procure. Elle est id\u00e9ale pour une utilisation crue comme pour la cuisson, en cuisine et dans l\u2019assiette.<\/p>\n<p>Profitez d\u2019un excellent produit, profitez de l\u2019huile Plantadeta.<\/p>\n<p><strong>Format&nbsp;:<\/strong> Bouteille en verre de 50cl.<\/p>\n","protected":false},"featured_media":2933,"comment_status":"open","ping_status":"closed","template":"","meta":[],"product_brand":[],"product_cat":[72],"product_tag":[],"class_list":{"0":"post-2936","1":"product","2":"type-product","3":"status-publish","4":"has-post-thumbnail","6":"product_cat-huiles","8":"first","9":"instock","10":"taxable","11":"shipping-taxable","12":"purchasable","13":"product-type-simple"},"_links":{"self":[{"href":"https:\/\/cellersabate.com\/fr\/wp-json\/wp\/v2\/product\/2936","targetHints":{"allow":["GET"]}}],"collection":[{"href":"https:\/\/cellersabate.com\/fr\/wp-json\/wp\/v2\/product"}],"about":[{"href":"https:\/\/cellersabate.com\/fr\/wp-json\/wp\/v2\/types\/product"}],"replies":[{"embeddable":true,"href":"https:\/\/cellersabate.com\/fr\/wp-json\/wp\/v2\/comments?post=2936"}],"version-history":[{"count":0,"href":"https:\/\/cellersabate.com\/fr\/wp-json\/wp\/v2\/product\/2936\/revisions"}],"wp:featuredmedia":[{"embeddable":true,"href":"https:\/\/cellersabate.com\/fr\/wp-json\/wp\/v2\/media\/2933"}],"wp:attachment":[{"href":"https:\/\/cellersabate.com\/fr\/wp-json\/wp\/v2\/media?parent=2936"}],"wp:term":[{"taxonomy":"product_brand","embeddable":true,"href":"https:\/\/cellersabate.com\/fr\/wp-json\/wp\/v2\/product_brand?post=2936"},{"taxonomy":"product_cat","embeddable":true,"href":"https:\/\/cellersabate.com\/fr\/wp-json\/wp\/v2\/product_cat?post=2936"},{"taxonomy":"product_tag","embeddable":true,"href":"https:\/\/cellersabate.com\/fr\/wp-json\/wp\/v2\/product_tag?post=2936"}],"curies":[{"name":"wp","href":"https:\/\/api.w.org\/{rel}","templated":true}]}}