{"id":2928,"date":"2025-08-20T10:12:46","date_gmt":"2025-08-20T08:12:46","guid":{"rendered":"https:\/\/cellersabate.com\/vin-papa-pare-father-edition-speciale\/"},"modified":"2025-10-20T23:22:32","modified_gmt":"2025-10-20T21:22:32","slug":"vin-papa-pare-father-edition-speciale","status":"publish","type":"product","link":"https:\/\/cellersabate.com\/fr\/vin-papa-pare-father-edition-speciale\/","title":{"rendered":"Vin Pap\u00e1 Pare Father \u00e9dition sp\u00e9ciale"},"content":{"rendered":"","protected":false},"excerpt":{"rendered":"<p><strong>Papa Pare Father<\/strong> est une \u00e9dition sp\u00e9ciale, 100 % Grenache de vieilles vignes. Avec ce vin, nous voulons exprimer en <strong>un seul mot et dit dans de nombreuses langues&nbsp;: papa, pare, father, p\u00e8re, vater, pai, aita, padre, var&#8230;<\/strong> Tout comme le vin montre les terres d&rsquo;o\u00f9 il provient, nous sommes l&rsquo;essence d&rsquo;o\u00f9 nous venons&nbsp;: papa.<br \/>\n<strong>Un vin \u00e0 l&rsquo;\u00e9tiquette unique et minimaliste, capable de r\u00e9v\u00e9ler votre c\u00f4t\u00e9 artistique. Personnalisez-le, lib\u00e9rez votre cr\u00e9ativit\u00e9 et faites-en un vin unique Faites que la personne qui le recevra se sente sp\u00e9ciale.  <\/strong> Nous vous proposons le meilleur vin pour la f\u00eate des p\u00e8res<\/p>\n","protected":false},"featured_media":2927,"comment_status":"open","ping_status":"closed","template":"","meta":[],"product_brand":[],"product_cat":[97],"product_tag":[106],"class_list":{"0":"post-2928","1":"product","2":"type-product","3":"status-publish","4":"has-post-thumbnail","6":"product_cat-vins","7":"product_tag-speciales","9":"first","10":"instock","11":"taxable","12":"shipping-taxable","13":"purchasable","14":"product-type-simple"},"_links":{"self":[{"href":"https:\/\/cellersabate.com\/fr\/wp-json\/wp\/v2\/product\/2928","targetHints":{"allow":["GET"]}}],"collection":[{"href":"https:\/\/cellersabate.com\/fr\/wp-json\/wp\/v2\/product"}],"about":[{"href":"https:\/\/cellersabate.com\/fr\/wp-json\/wp\/v2\/types\/product"}],"replies":[{"embeddable":true,"href":"https:\/\/cellersabate.com\/fr\/wp-json\/wp\/v2\/comments?post=2928"}],"version-history":[{"count":0,"href":"https:\/\/cellersabate.com\/fr\/wp-json\/wp\/v2\/product\/2928\/revisions"}],"wp:featuredmedia":[{"embeddable":true,"href":"https:\/\/cellersabate.com\/fr\/wp-json\/wp\/v2\/media\/2927"}],"wp:attachment":[{"href":"https:\/\/cellersabate.com\/fr\/wp-json\/wp\/v2\/media?parent=2928"}],"wp:term":[{"taxonomy":"product_brand","embeddable":true,"href":"https:\/\/cellersabate.com\/fr\/wp-json\/wp\/v2\/product_brand?post=2928"},{"taxonomy":"product_cat","embeddable":true,"href":"https:\/\/cellersabate.com\/fr\/wp-json\/wp\/v2\/product_cat?post=2928"},{"taxonomy":"product_tag","embeddable":true,"href":"https:\/\/cellersabate.com\/fr\/wp-json\/wp\/v2\/product_tag?post=2928"}],"curies":[{"name":"wp","href":"https:\/\/api.w.org\/{rel}","templated":true}]}}