{"id":2631,"date":"2025-09-10T10:03:19","date_gmt":"2025-09-10T08:03:19","guid":{"rendered":"https:\/\/cellersabate.com\/coffret-vin-et-degustation-2\/"},"modified":"2025-10-20T22:23:43","modified_gmt":"2025-10-20T20:23:43","slug":"coffret-vin-et-degustation-2","status":"publish","type":"product","link":"https:\/\/cellersabate.com\/fr\/coffret-vin-et-degustation-2\/","title":{"rendered":"Coffret vin et d\u00e9gustation 2"},"content":{"rendered":"","protected":false},"excerpt":{"rendered":"<p>Un coffret id\u00e9al compos\u00e9 pour la gamme de vins Martina et de produits gourmands, pour un cadeau tr\u00e8s complet.<\/p>\n<p>1 Bouteille de vin blanc Martina<br \/>\n1 Bouteille de vin rouge Martina<br \/>\n1 Pot de p\u00e2te d&rsquo;Olives Noires (100g)<br \/>\n1 Pot de pa\u00e2te d&rsquo;Olives Arbquina (100g)<br \/>\n1 Pot d&rsquo;Olives Arbequina (450g)<br \/>\n1\/2 Fromage de brebis semi-affin\u00e9 de Serra del Tormo<br \/>\n1 Llonganissa du paysan (saucisse catalane de viande de porc assaisonn\u00e9e)<\/p>\n","protected":false},"featured_media":2618,"comment_status":"open","ping_status":"closed","template":"","meta":[],"product_brand":[],"product_cat":[71],"product_tag":[],"class_list":{"0":"post-2631","1":"product","2":"type-product","3":"status-publish","4":"has-post-thumbnail","6":"product_cat-pour-offrir","8":"first","9":"instock","10":"taxable","11":"shipping-taxable","12":"purchasable","13":"product-type-simple"},"_links":{"self":[{"href":"https:\/\/cellersabate.com\/fr\/wp-json\/wp\/v2\/product\/2631","targetHints":{"allow":["GET"]}}],"collection":[{"href":"https:\/\/cellersabate.com\/fr\/wp-json\/wp\/v2\/product"}],"about":[{"href":"https:\/\/cellersabate.com\/fr\/wp-json\/wp\/v2\/types\/product"}],"replies":[{"embeddable":true,"href":"https:\/\/cellersabate.com\/fr\/wp-json\/wp\/v2\/comments?post=2631"}],"version-history":[{"count":0,"href":"https:\/\/cellersabate.com\/fr\/wp-json\/wp\/v2\/product\/2631\/revisions"}],"wp:featuredmedia":[{"embeddable":true,"href":"https:\/\/cellersabate.com\/fr\/wp-json\/wp\/v2\/media\/2618"}],"wp:attachment":[{"href":"https:\/\/cellersabate.com\/fr\/wp-json\/wp\/v2\/media?parent=2631"}],"wp:term":[{"taxonomy":"product_brand","embeddable":true,"href":"https:\/\/cellersabate.com\/fr\/wp-json\/wp\/v2\/product_brand?post=2631"},{"taxonomy":"product_cat","embeddable":true,"href":"https:\/\/cellersabate.com\/fr\/wp-json\/wp\/v2\/product_cat?post=2631"},{"taxonomy":"product_tag","embeddable":true,"href":"https:\/\/cellersabate.com\/fr\/wp-json\/wp\/v2\/product_tag?post=2631"}],"curies":[{"name":"wp","href":"https:\/\/api.w.org\/{rel}","templated":true}]}}