{"id":2625,"date":"2025-09-10T10:50:18","date_gmt":"2025-09-10T08:50:18","guid":{"rendered":"https:\/\/cellersabate.com\/coffret-vin-et-degustation-3\/"},"modified":"2025-10-20T22:23:43","modified_gmt":"2025-10-20T20:23:43","slug":"coffret-vin-et-degustation-3","status":"publish","type":"product","link":"https:\/\/cellersabate.com\/fr\/coffret-vin-et-degustation-3\/","title":{"rendered":"Coffret vin et d\u00e9gustation 3"},"content":{"rendered":"","protected":false},"excerpt":{"rendered":"<p>Un coffret id\u00e9al pour d\u00e9guster 2 vins de la gamme Plantadeta et une exquise s\u00e9lection de produits gastronomiques de la r\u00e9gion du Priorat, compos\u00e9e de:<\/p>\n<p>1 Bouteille de vin rouge Mas d&rsquo;en Bernat<br \/>\n1 Bouteille de vin rouge Plantadeta Garnatxa<br \/>\n1 Pot de p\u00e2te d&rsquo;Olives Noires (100g)<br \/>\n1 Pot d&rsquo;Olives Arbequina (450g)<br \/>\n1\/2 Fromage de brebis semi-affin\u00e9 de Serra del Tormo<br \/>\n1 Llonganissa du paysan (saucisse catalane de viande de porc assaisonn\u00e9e)<br \/>\n1 Paquet de noisettes de La Trencadora (150g)<\/p>\n","protected":false},"featured_media":2616,"comment_status":"open","ping_status":"closed","template":"","meta":[],"product_brand":[],"product_cat":[71],"product_tag":[],"class_list":{"0":"post-2625","1":"product","2":"type-product","3":"status-publish","4":"has-post-thumbnail","6":"product_cat-pour-offrir","8":"first","9":"instock","10":"taxable","11":"shipping-taxable","12":"purchasable","13":"product-type-simple"},"_links":{"self":[{"href":"https:\/\/cellersabate.com\/fr\/wp-json\/wp\/v2\/product\/2625","targetHints":{"allow":["GET"]}}],"collection":[{"href":"https:\/\/cellersabate.com\/fr\/wp-json\/wp\/v2\/product"}],"about":[{"href":"https:\/\/cellersabate.com\/fr\/wp-json\/wp\/v2\/types\/product"}],"replies":[{"embeddable":true,"href":"https:\/\/cellersabate.com\/fr\/wp-json\/wp\/v2\/comments?post=2625"}],"version-history":[{"count":0,"href":"https:\/\/cellersabate.com\/fr\/wp-json\/wp\/v2\/product\/2625\/revisions"}],"wp:featuredmedia":[{"embeddable":true,"href":"https:\/\/cellersabate.com\/fr\/wp-json\/wp\/v2\/media\/2616"}],"wp:attachment":[{"href":"https:\/\/cellersabate.com\/fr\/wp-json\/wp\/v2\/media?parent=2625"}],"wp:term":[{"taxonomy":"product_brand","embeddable":true,"href":"https:\/\/cellersabate.com\/fr\/wp-json\/wp\/v2\/product_brand?post=2625"},{"taxonomy":"product_cat","embeddable":true,"href":"https:\/\/cellersabate.com\/fr\/wp-json\/wp\/v2\/product_cat?post=2625"},{"taxonomy":"product_tag","embeddable":true,"href":"https:\/\/cellersabate.com\/fr\/wp-json\/wp\/v2\/product_tag?post=2625"}],"curies":[{"name":"wp","href":"https:\/\/api.w.org\/{rel}","templated":true}]}}