{"id":2606,"date":"2025-09-10T11:22:21","date_gmt":"2025-09-10T09:22:21","guid":{"rendered":"https:\/\/cellersabate.com\/coffret-cadeau-2\/"},"modified":"2025-10-20T22:17:48","modified_gmt":"2025-10-20T20:17:48","slug":"etui-cadeau-2","status":"publish","type":"product","link":"https:\/\/cellersabate.com\/fr\/etui-cadeau-2\/","title":{"rendered":"Coffret cadeau 2"},"content":{"rendered":"","protected":false},"excerpt":{"rendered":"<div class=\"short-description\">\n<div class=\"std\">\n<p>C\u00e9l\u00e9brez une occasion sp\u00e9ciale ou faite-vous plaisir avec ce coffret cadeau extraordinaire. Ce coffret s\u00e9rigraphi\u00e9 cont\u00fa:<\/p>\n<p>1 Bouteille de vin Plantadeta Selecci\u00f3<br \/>\n1 Pot de p\u00e2te d&rsquo;Olives Noires (100g)<br \/>\n1 Paquet de noisettes de La Trencadora (150g)<br \/>\n1 Pot de confiture \u00e0 l&rsquo;orange et au chocolat Del Pot Petit (220g)<\/p>\n<\/div>\n<\/div>\n","protected":false},"featured_media":2605,"comment_status":"open","ping_status":"closed","template":"","meta":[],"product_brand":[],"product_cat":[71],"product_tag":[],"class_list":{"0":"post-2606","1":"product","2":"type-product","3":"status-publish","4":"has-post-thumbnail","6":"product_cat-pour-offrir","8":"first","9":"instock","10":"taxable","11":"shipping-taxable","12":"purchasable","13":"product-type-simple"},"_links":{"self":[{"href":"https:\/\/cellersabate.com\/fr\/wp-json\/wp\/v2\/product\/2606","targetHints":{"allow":["GET"]}}],"collection":[{"href":"https:\/\/cellersabate.com\/fr\/wp-json\/wp\/v2\/product"}],"about":[{"href":"https:\/\/cellersabate.com\/fr\/wp-json\/wp\/v2\/types\/product"}],"replies":[{"embeddable":true,"href":"https:\/\/cellersabate.com\/fr\/wp-json\/wp\/v2\/comments?post=2606"}],"version-history":[{"count":0,"href":"https:\/\/cellersabate.com\/fr\/wp-json\/wp\/v2\/product\/2606\/revisions"}],"wp:featuredmedia":[{"embeddable":true,"href":"https:\/\/cellersabate.com\/fr\/wp-json\/wp\/v2\/media\/2605"}],"wp:attachment":[{"href":"https:\/\/cellersabate.com\/fr\/wp-json\/wp\/v2\/media?parent=2606"}],"wp:term":[{"taxonomy":"product_brand","embeddable":true,"href":"https:\/\/cellersabate.com\/fr\/wp-json\/wp\/v2\/product_brand?post=2606"},{"taxonomy":"product_cat","embeddable":true,"href":"https:\/\/cellersabate.com\/fr\/wp-json\/wp\/v2\/product_cat?post=2606"},{"taxonomy":"product_tag","embeddable":true,"href":"https:\/\/cellersabate.com\/fr\/wp-json\/wp\/v2\/product_tag?post=2606"}],"curies":[{"name":"wp","href":"https:\/\/api.w.org\/{rel}","templated":true}]}}