{"id":2598,"date":"2025-09-10T11:33:17","date_gmt":"2025-09-10T09:33:17","guid":{"rendered":"https:\/\/cellersabate.com\/coffret-cadeau-4\/"},"modified":"2025-10-20T22:14:53","modified_gmt":"2025-10-20T20:14:53","slug":"etui-cadeau-4","status":"publish","type":"product","link":"https:\/\/cellersabate.com\/fr\/etui-cadeau-4\/","title":{"rendered":"Coffret cadeau 4"},"content":{"rendered":"","protected":false},"excerpt":{"rendered":"<p>Un coffret cadeau sp\u00e9cialement con\u00e7u pour les amateurs d&rsquo;olives sous toutes leurs formes. Coffret s\u00e9rigraphi\u00e9 contenant: <\/p>\n<p align=\"left\">1 Bouteille d&rsquo;Huile d&rsquo;Olive Vierge Extra Arbequina 50cl<br \/>\n1 Pot de p\u00e2te d&rsquo;Olives Noires (100g)<br \/>\n1 Pot de p\u00e2te d&rsquo;Olives Arbequina (100g)<br \/>\n1 Pot d&rsquo;Olives Arbequina (450g)<\/p>\n<p align=\"left\">Tous les produits ont \u00e9t\u00e9 produits artisanalment en Finca Plantadeta.<\/p>\n","protected":false},"featured_media":2597,"comment_status":"open","ping_status":"closed","template":"","meta":[],"product_brand":[],"product_cat":[71],"product_tag":[],"class_list":{"0":"post-2598","1":"product","2":"type-product","3":"status-publish","4":"has-post-thumbnail","6":"product_cat-pour-offrir","8":"first","9":"instock","10":"taxable","11":"shipping-taxable","12":"purchasable","13":"product-type-simple"},"_links":{"self":[{"href":"https:\/\/cellersabate.com\/fr\/wp-json\/wp\/v2\/product\/2598","targetHints":{"allow":["GET"]}}],"collection":[{"href":"https:\/\/cellersabate.com\/fr\/wp-json\/wp\/v2\/product"}],"about":[{"href":"https:\/\/cellersabate.com\/fr\/wp-json\/wp\/v2\/types\/product"}],"replies":[{"embeddable":true,"href":"https:\/\/cellersabate.com\/fr\/wp-json\/wp\/v2\/comments?post=2598"}],"version-history":[{"count":0,"href":"https:\/\/cellersabate.com\/fr\/wp-json\/wp\/v2\/product\/2598\/revisions"}],"wp:featuredmedia":[{"embeddable":true,"href":"https:\/\/cellersabate.com\/fr\/wp-json\/wp\/v2\/media\/2597"}],"wp:attachment":[{"href":"https:\/\/cellersabate.com\/fr\/wp-json\/wp\/v2\/media?parent=2598"}],"wp:term":[{"taxonomy":"product_brand","embeddable":true,"href":"https:\/\/cellersabate.com\/fr\/wp-json\/wp\/v2\/product_brand?post=2598"},{"taxonomy":"product_cat","embeddable":true,"href":"https:\/\/cellersabate.com\/fr\/wp-json\/wp\/v2\/product_cat?post=2598"},{"taxonomy":"product_tag","embeddable":true,"href":"https:\/\/cellersabate.com\/fr\/wp-json\/wp\/v2\/product_tag?post=2598"}],"curies":[{"name":"wp","href":"https:\/\/api.w.org\/{rel}","templated":true}]}}