{"id":2568,"date":"2025-09-10T11:45:37","date_gmt":"2025-09-10T09:45:37","guid":{"rendered":"https:\/\/cellersabate.com\/coffret-cadeau-6\/"},"modified":"2025-11-21T19:29:48","modified_gmt":"2025-11-21T18:29:48","slug":"etui-cadeau-6","status":"publish","type":"product","link":"https:\/\/cellersabate.com\/fr\/etui-cadeau-6\/","title":{"rendered":"Coffret cadeau 6"},"content":{"rendered":"","protected":false},"excerpt":{"rendered":"<p>C\u00e9l\u00e9brez une occasion sp\u00e9ciale ou offrez-vous cet extraordinaire coffret compos\u00e9 de 2 bouteilles de vin de la gamme Plantadeta et d&rsquo;excellents produits gourmets pour ravir votre palais.<\/p>\n<p>1 Bouteille de vin ros\u00e9 P\u00e8tals de Garnatxa<br \/>\n1 Bouteille de vin blanc Plantadeta Garnatxa Blanca<br \/>\n1 Pot de confiture de poires au vin Del Pot Petit (220g)<br \/>\n1 Pot de p\u00e2te d&rsquo;olives avec tomates et herbes aromatiques (100g)<br \/>\n1\/2 Fromage de brebis semi-affin\u00e9 de Serra del Tormo<\/p>\n","protected":false},"featured_media":3897,"comment_status":"open","ping_status":"closed","template":"","meta":[],"product_brand":[],"product_cat":[71],"product_tag":[],"class_list":{"0":"post-2568","1":"product","2":"type-product","3":"status-publish","4":"has-post-thumbnail","6":"product_cat-pour-offrir","8":"first","9":"instock","10":"taxable","11":"shipping-taxable","12":"purchasable","13":"product-type-simple"},"_links":{"self":[{"href":"https:\/\/cellersabate.com\/fr\/wp-json\/wp\/v2\/product\/2568","targetHints":{"allow":["GET"]}}],"collection":[{"href":"https:\/\/cellersabate.com\/fr\/wp-json\/wp\/v2\/product"}],"about":[{"href":"https:\/\/cellersabate.com\/fr\/wp-json\/wp\/v2\/types\/product"}],"replies":[{"embeddable":true,"href":"https:\/\/cellersabate.com\/fr\/wp-json\/wp\/v2\/comments?post=2568"}],"version-history":[{"count":1,"href":"https:\/\/cellersabate.com\/fr\/wp-json\/wp\/v2\/product\/2568\/revisions"}],"predecessor-version":[{"id":3905,"href":"https:\/\/cellersabate.com\/fr\/wp-json\/wp\/v2\/product\/2568\/revisions\/3905"}],"wp:featuredmedia":[{"embeddable":true,"href":"https:\/\/cellersabate.com\/fr\/wp-json\/wp\/v2\/media\/3897"}],"wp:attachment":[{"href":"https:\/\/cellersabate.com\/fr\/wp-json\/wp\/v2\/media?parent=2568"}],"wp:term":[{"taxonomy":"product_brand","embeddable":true,"href":"https:\/\/cellersabate.com\/fr\/wp-json\/wp\/v2\/product_brand?post=2568"},{"taxonomy":"product_cat","embeddable":true,"href":"https:\/\/cellersabate.com\/fr\/wp-json\/wp\/v2\/product_cat?post=2568"},{"taxonomy":"product_tag","embeddable":true,"href":"https:\/\/cellersabate.com\/fr\/wp-json\/wp\/v2\/product_tag?post=2568"}],"curies":[{"name":"wp","href":"https:\/\/api.w.org\/{rel}","templated":true}]}}