{"id":2562,"date":"2025-09-10T11:47:14","date_gmt":"2025-09-10T09:47:14","guid":{"rendered":"https:\/\/cellersabate.com\/coffret-cadeau-7\/"},"modified":"2025-10-20T22:14:05","modified_gmt":"2025-10-20T20:14:05","slug":"etui-cadeau-7","status":"publish","type":"product","link":"https:\/\/cellersabate.com\/fr\/etui-cadeau-7\/","title":{"rendered":"Coffret cadeau 7"},"content":{"rendered":"","protected":false},"excerpt":{"rendered":"<p>Pour les amateurs de bon vin, ce fantastique coffret cadeau a \u00e9t\u00e9 con\u00e7u, compos\u00e9 de:<\/p>\n<p>1 Bouteille de vin rouge Plantadeta Garnatxa<br \/>\n1 Bouteille de vin blanc Plantadeta Garnatxa Blanca<br \/>\n1 Bouteille de vin rouge Plantadeta Selecci\u00f3<\/p>\n","protected":false},"featured_media":2561,"comment_status":"open","ping_status":"closed","template":"","meta":[],"product_brand":[],"product_cat":[71],"product_tag":[],"class_list":{"0":"post-2562","1":"product","2":"type-product","3":"status-publish","4":"has-post-thumbnail","6":"product_cat-pour-offrir","8":"first","9":"instock","10":"taxable","11":"shipping-taxable","12":"purchasable","13":"product-type-simple"},"_links":{"self":[{"href":"https:\/\/cellersabate.com\/fr\/wp-json\/wp\/v2\/product\/2562","targetHints":{"allow":["GET"]}}],"collection":[{"href":"https:\/\/cellersabate.com\/fr\/wp-json\/wp\/v2\/product"}],"about":[{"href":"https:\/\/cellersabate.com\/fr\/wp-json\/wp\/v2\/types\/product"}],"replies":[{"embeddable":true,"href":"https:\/\/cellersabate.com\/fr\/wp-json\/wp\/v2\/comments?post=2562"}],"version-history":[{"count":0,"href":"https:\/\/cellersabate.com\/fr\/wp-json\/wp\/v2\/product\/2562\/revisions"}],"wp:featuredmedia":[{"embeddable":true,"href":"https:\/\/cellersabate.com\/fr\/wp-json\/wp\/v2\/media\/2561"}],"wp:attachment":[{"href":"https:\/\/cellersabate.com\/fr\/wp-json\/wp\/v2\/media?parent=2562"}],"wp:term":[{"taxonomy":"product_brand","embeddable":true,"href":"https:\/\/cellersabate.com\/fr\/wp-json\/wp\/v2\/product_brand?post=2562"},{"taxonomy":"product_cat","embeddable":true,"href":"https:\/\/cellersabate.com\/fr\/wp-json\/wp\/v2\/product_cat?post=2562"},{"taxonomy":"product_tag","embeddable":true,"href":"https:\/\/cellersabate.com\/fr\/wp-json\/wp\/v2\/product_tag?post=2562"}],"curies":[{"name":"wp","href":"https:\/\/api.w.org\/{rel}","templated":true}]}}