{"id":3203,"date":"2025-07-30T11:20:09","date_gmt":"2025-07-30T09:20:09","guid":{"rendered":"https:\/\/cellersabate.com\/politique-de-cookies\/"},"modified":"2025-10-13T17:49:05","modified_gmt":"2025-10-13T15:49:05","slug":"politique-de-cookies","status":"publish","type":"page","link":"https:\/\/cellersabate.com\/fr\/politique-de-cookies\/","title":{"rendered":"Politique de cookies"},"content":{"rendered":"\n<h2 class=\"wp-block-heading\">Politique de cookies<\/h2>\n\n<p><strong>Derni\u00e8re mise \u00e0 jour :<\/strong> 01\/11\/2025<\/p>\n\n<p>Sur cellersabate.com, nous utilisons nos propres cookies et ceux de tiers pour am\u00e9liorer l\u2019exp\u00e9rience utilisateur, analyser le trafic du site et proposer des contenus et publicit\u00e9s personnalis\u00e9s. En poursuivant votre navigation, vous acceptez leur utilisation, mais vous pouvez modifier vos pr\u00e9f\u00e9rences \u00e0 tout moment. <\/p>\n\n<p>Les <strong>cookies<\/strong> sont de petits fichiers qui sont stock\u00e9s sur votre appareil lorsque vous visitez notre site web. Ils servent \u00e0 m\u00e9moriser vos pr\u00e9f\u00e9rences, \u00e0 reconna\u00eetre votre visite et \u00e0 faciliter certaines fonctions, comme le maintien des articles dans le panier ou la sauvegarde de la langue choisie. <\/p>\n\n<p>Nous utilisons diff\u00e9rents types de cookies :<\/p>\n\n<ul class=\"wp-block-list\">\n<li><strong>Techniques ou n\u00e9cessaires :<\/strong> indispensables au fonctionnement du site web et \u00e0 l\u2019achat en ligne.<\/li>\n\n\n\n<li><strong>De personnalisation :<\/strong> m\u00e9morisent vos pr\u00e9f\u00e9rences (langue, r\u00e9gion, type de navigateur).<\/li>\n\n\n\n<li><strong>Analytiques :<\/strong> nous aident \u00e0 comprendre comment vous naviguez pour am\u00e9liorer le site (par exemple, via Google Analytics).<\/li>\n\n\n\n<li><strong>Publicitaires :<\/strong> permettent de vous montrer des publicit\u00e9s li\u00e9es \u00e0 vos int\u00e9r\u00eats (par exemple, via Google Ads ou Facebook Pixel).<\/li>\n<\/ul>\n\n<p>Vous pouvez accepter, refuser ou configurer l\u2019utilisation des cookies via l\u2019avis initial qui appara\u00eet lorsque vous acc\u00e9dez au site ou depuis les param\u00e8tres de votre navigateur. Si vous les bloquez, il est possible que certaines fonctions du site web ne soient pas disponibles. <\/p>\n\n<p>Pour g\u00e9rer les cookies dans votre navigateur, vous pouvez consulter les liens suivants :<br\/><a href=\"https:\/\/support.google.com\/chrome\/answer\/95647?hl=es\" target=\"_blank\" rel=\"noopener\">Chrome<\/a> | <a href=\"https:\/\/support.mozilla.org\/es\/kb\/Borrar%20cookies\" target=\"_blank\" rel=\"noopener\">Firefox<\/a> | <a href=\"https:\/\/support.apple.com\/es-es\/guide\/safari\/sfri11471\/mac\" target=\"_blank\" rel=\"noopener\">Safari<\/a> | <a href=\"https:\/\/support.microsoft.com\/es-es\/help\/4027947\" target=\"_blank\" rel=\"noopener\">Edge<\/a><\/p>\n\n<p>[Nom de la empresa] pourra mettre \u00e0 jour cette politique lorsque cela sera n\u00e9cessaire, en publiant la version la plus r\u00e9cente sur cette page. Nous vous recommandons de la consulter r\u00e9guli\u00e8rement. <\/p>\n\n<p><\/p>\n","protected":false},"excerpt":{"rendered":"<p>Politique de cookies Derni\u00e8re mise \u00e0 jour : 01\/11\/2025 Sur cellersabate.com, nous utilisons nos propres cookies et ceux de tiers pour am\u00e9liorer l\u2019exp\u00e9rience utilisateur, analyser le trafic du site et proposer des contenus et publicit\u00e9s personnalis\u00e9s. En poursuivant votre navigation, vous acceptez leur utilisation, mais vous pouvez modifier vos pr\u00e9f\u00e9rences \u00e0 tout moment. Les cookies [&hellip;]<\/p>\n","protected":false},"author":1,"featured_media":0,"parent":0,"menu_order":0,"comment_status":"closed","ping_status":"closed","template":"","meta":{"footnotes":""},"class_list":["post-3203","page","type-page","status-publish","hentry"],"_links":{"self":[{"href":"https:\/\/cellersabate.com\/fr\/wp-json\/wp\/v2\/pages\/3203","targetHints":{"allow":["GET"]}}],"collection":[{"href":"https:\/\/cellersabate.com\/fr\/wp-json\/wp\/v2\/pages"}],"about":[{"href":"https:\/\/cellersabate.com\/fr\/wp-json\/wp\/v2\/types\/page"}],"author":[{"embeddable":true,"href":"https:\/\/cellersabate.com\/fr\/wp-json\/wp\/v2\/users\/1"}],"replies":[{"embeddable":true,"href":"https:\/\/cellersabate.com\/fr\/wp-json\/wp\/v2\/comments?post=3203"}],"version-history":[{"count":0,"href":"https:\/\/cellersabate.com\/fr\/wp-json\/wp\/v2\/pages\/3203\/revisions"}],"wp:attachment":[{"href":"https:\/\/cellersabate.com\/fr\/wp-json\/wp\/v2\/media?parent=3203"}],"curies":[{"name":"wp","href":"https:\/\/api.w.org\/{rel}","templated":true}]}}