{"id":3130,"date":"2025-07-30T10:48:36","date_gmt":"2025-07-30T08:48:36","guid":{"rendered":"https:\/\/cellersabate.com\/oenotourisme\/"},"modified":"2026-03-13T19:06:05","modified_gmt":"2026-03-13T18:06:05","slug":"oenoturisme-et-priorat","status":"publish","type":"page","link":"https:\/\/cellersabate.com\/fr\/oenoturisme-et-priorat\/","title":{"rendered":"\u0152notourisme"},"content":{"rendered":"\t\t<div data-elementor-type=\"wp-page\" data-elementor-id=\"3130\" class=\"elementor elementor-3130 elementor-71\" data-elementor-post-type=\"page\">\n\t\t\t\t<div class=\"elementor-element elementor-element-097813e e-con-full e-flex e-con e-parent\" data-id=\"097813e\" data-element_type=\"container\" data-e-type=\"container\" data-settings=\"{&quot;background_background&quot;:&quot;classic&quot;}\">\n\t\t\t\t<div class=\"elementor-element elementor-element-9ef4bfd elementor-widget elementor-widget-heading\" data-id=\"9ef4bfd\" data-element_type=\"widget\" data-e-type=\"widget\" data-widget_type=\"heading.default\">\n\t\t\t\t\t<h2 class=\"elementor-heading-title elementor-size-default\">D\u00e9couvrez\n<\/h2>\t\t\t\t<\/div>\n\t\t\t\t<div class=\"elementor-element elementor-element-9e4b4e1 elementor-widget elementor-widget-heading\" data-id=\"9e4b4e1\" data-element_type=\"widget\" data-e-type=\"widget\" data-widget_type=\"heading.default\">\n\t\t\t\t\t<h2 class=\"elementor-heading-title elementor-size-default\">notre cave.<\/h2>\t\t\t\t<\/div>\n\t\t\t\t<div class=\"elementor-element elementor-element-38e5008 elementor-widget elementor-widget-spacer\" data-id=\"38e5008\" data-element_type=\"widget\" data-e-type=\"widget\" data-widget_type=\"spacer.default\">\n\t\t\t\t\t\t\t<div class=\"elementor-spacer\">\n\t\t\t<div class=\"elementor-spacer-inner\"><\/div>\n\t\t<\/div>\n\t\t\t\t\t\t<\/div>\n\t\t\t\t<div class=\"elementor-element elementor-element-c5e809a elementor-widget__width-auto elementor-widget elementor-widget-text-editor\" data-id=\"c5e809a\" data-element_type=\"widget\" data-e-type=\"widget\" data-widget_type=\"text-editor.default\">\n\t\t\t\t\t\t\t\t\t<p>Vous pouvez venir nous rendre visite quand vous le souhaitez. Notre boutique est ouverte tous les jours de l&rsquo;ann\u00e9e, aux horaires suivants : de 9h00 \u00e0 14h00 du lundi au dimanche.\u2028<br>Vous y trouverez tous les vins que nous produisons, de l&rsquo;huile et des olives, des fruits secs et d&rsquo;autres produits.\u2028 <\/p>\t\t\t\t\t\t\t\t<\/div>\n\t\t\t\t<div class=\"elementor-element elementor-element-2196ac5 elementor-widget elementor-widget-spacer\" data-id=\"2196ac5\" data-element_type=\"widget\" data-e-type=\"widget\" data-widget_type=\"spacer.default\">\n\t\t\t\t\t\t\t<div class=\"elementor-spacer\">\n\t\t\t<div class=\"elementor-spacer-inner\"><\/div>\n\t\t<\/div>\n\t\t\t\t\t\t<\/div>\n\t\t<div class=\"elementor-element elementor-element-aa658e4 e-con-full e-flex e-con e-child\" data-id=\"aa658e4\" data-element_type=\"container\" data-e-type=\"container\">\n\t\t<div class=\"elementor-element elementor-element-90c7ad1 e-con-full e-flex e-con e-child\" data-id=\"90c7ad1\" data-element_type=\"container\" data-e-type=\"container\">\n\t\t\t\t<div class=\"elementor-element elementor-element-7f84e3b elementor-widget elementor-widget-heading\" data-id=\"7f84e3b\" data-element_type=\"widget\" data-e-type=\"widget\" data-widget_type=\"heading.default\">\n\t\t\t\t\t<h2 class=\"elementor-heading-title elementor-size-default\">D\u00c9GUSTATION DE VINS<\/h2>\t\t\t\t<\/div>\n\t\t\t\t<div class=\"elementor-element elementor-element-471e71f .texto elementor-widget elementor-widget-text-editor\" data-id=\"471e71f\" data-element_type=\"widget\" data-e-type=\"widget\" data-widget_type=\"text-editor.default\">\n\t\t\t\t\t\t\t\t\t<p><strong>5 \u20ac \/ personne<\/strong><\/p><p>D\u00e9gustation dans notre boutique d&rsquo;un vin blanc et de 3 vins rouges, comprenant \u00e9galement des toasts pour d\u00e9guster notre huile.<br>(Gratuite pour les mineurs)<\/p><p>Langues : catalan, espagnol, anglais.<br>Disponible aux horaires de notre boutique, veuillez t\u00e9l\u00e9phoner avant de venir.<\/p>\t\t\t\t\t\t\t\t<\/div>\n\t\t\t\t<div class=\"elementor-element elementor-element-6170dd7 elementor-widget elementor-widget-spacer\" data-id=\"6170dd7\" data-element_type=\"widget\" data-e-type=\"widget\" data-widget_type=\"spacer.default\">\n\t\t\t\t\t\t\t<div class=\"elementor-spacer\">\n\t\t\t<div class=\"elementor-spacer-inner\"><\/div>\n\t\t<\/div>\n\t\t\t\t\t\t<\/div>\n\t\t\t\t<div class=\"elementor-element elementor-element-1716d55 elementor-widget elementor-widget-button\" data-id=\"1716d55\" data-element_type=\"widget\" data-e-type=\"widget\" data-widget_type=\"button.default\">\n\t\t\t\t\t\t\t\t\t\t<a class=\"elementor-button elementor-button-link elementor-size-sm\" href=\"https:\/\/cellersabate.com\/fr\/contact\/\">\n\t\t\t\t\t\t<span class=\"elementor-button-content-wrapper\">\n\t\t\t\t\t\t<span class=\"elementor-button-icon\">\n\t\t\t\t<svg xmlns=\"http:\/\/www.w3.org\/2000\/svg\" width=\"12\" height=\"12\" viewBox=\"0 0 12 12\" fill=\"none\"><path d=\"M1.3335 6.00065H10.6668M10.6668 6.00065L6.00016 1.33398M10.6668 6.00065L6.00016 10.6673\" stroke=\"white\" stroke-width=\"1.6\" stroke-linecap=\"round\" stroke-linejoin=\"round\"><\/path><\/svg>\t\t\t<\/span>\n\t\t\t\t\t\t\t\t\t<span class=\"elementor-button-text\">CONTACTEZ-NOUS POUR LES R\u00c9SERVATIONS OU PLUS D'INFOS<\/span>\n\t\t\t\t\t<\/span>\n\t\t\t\t\t<\/a>\n\t\t\t\t\t\t\t\t<\/div>\n\t\t\t\t<\/div>\n\t\t<div class=\"elementor-element elementor-element-b894dd6 e-con-full e-flex e-con e-child\" data-id=\"b894dd6\" data-element_type=\"container\" data-e-type=\"container\">\n\t\t\t\t<div class=\"elementor-element elementor-element-606d852 elementor-widget elementor-widget-heading\" data-id=\"606d852\" data-element_type=\"widget\" data-e-type=\"widget\" data-widget_type=\"heading.default\">\n\t\t\t\t\t<h2 class=\"elementor-heading-title elementor-size-default\">VISITE AVEC D\u00c9GUSTATION DE VINS<\/h2>\t\t\t\t<\/div>\n\t\t\t\t<div class=\"elementor-element elementor-element-0962383 .texto elementor-widget elementor-widget-text-editor\" data-id=\"0962383\" data-element_type=\"widget\" data-e-type=\"widget\" data-widget_type=\"text-editor.default\">\n\t\t\t\t\t\t\t\t\t<h5><strong>9 \u20ac \/ personne<\/strong><\/h5><p>La visite de la cave consiste en un parcours des installations o\u00f9 nous vous expliquerons le processus d&rsquo;\u00e9laboration du vin, sans fioritures, tel que nous aimons expliquer notre travail.<br>Ensuite, nous nous rendrons \u00e0 la boutique o\u00f9 se d\u00e9roulera une d\u00e9gustation de plusieurs vins, un blanc et 3 rouges, comprenant \u00e9galement des toasts pour d\u00e9guster notre huile Plantadeta.<br>(Gratuite pour les mineurs)<\/p><p>Langues : catalan, espagnol, anglais<br>Pour cette visite, il est n\u00e9cessaire de r\u00e9server \u00e0 l&rsquo;avance par <a href=\"mailto:cellersabate@cellersabate.com\">courrier \u00e9lectronique<\/a><br>ou par t\u00e9l\u00e9phone au 977 839 209<\/p>\t\t\t\t\t\t\t\t<\/div>\n\t\t\t\t<div class=\"elementor-element elementor-element-77f9440 elementor-widget elementor-widget-button\" data-id=\"77f9440\" data-element_type=\"widget\" data-e-type=\"widget\" data-widget_type=\"button.default\">\n\t\t\t\t\t\t\t\t\t\t<a class=\"elementor-button elementor-button-link elementor-size-sm\" href=\"https:\/\/cellersabate.com\/fr\/contact\/\">\n\t\t\t\t\t\t<span class=\"elementor-button-content-wrapper\">\n\t\t\t\t\t\t<span class=\"elementor-button-icon\">\n\t\t\t\t<svg xmlns=\"http:\/\/www.w3.org\/2000\/svg\" width=\"12\" height=\"12\" viewBox=\"0 0 12 12\" fill=\"none\"><path d=\"M1.3335 6.00065H10.6668M10.6668 6.00065L6.00016 1.33398M10.6668 6.00065L6.00016 10.6673\" stroke=\"white\" stroke-width=\"1.6\" stroke-linecap=\"round\" stroke-linejoin=\"round\"><\/path><\/svg>\t\t\t<\/span>\n\t\t\t\t\t\t\t\t\t<span class=\"elementor-button-text\">CONTACTEZ-NOUS POUR LES R\u00c9SERVATIONS OU PLUS D'INFOS<\/span>\n\t\t\t\t\t<\/span>\n\t\t\t\t\t<\/a>\n\t\t\t\t\t\t\t\t<\/div>\n\t\t\t\t<\/div>\n\t\t\t\t<\/div>\n\t\t\t\t<\/div>\n\t\t<div class=\"elementor-element elementor-element-a1be825 e-con-full e-flex e-con e-parent\" data-id=\"a1be825\" data-element_type=\"container\" data-e-type=\"container\" data-settings=\"{&quot;background_background&quot;:&quot;classic&quot;}\">\n\t\t\t\t<\/div>\n\t\t<div class=\"elementor-element elementor-element-c05f8bd e-grid e-con-boxed e-con e-parent\" data-id=\"c05f8bd\" data-element_type=\"container\" data-e-type=\"container\">\n\t\t\t\t\t<div class=\"e-con-inner\">\n\t\t<div class=\"elementor-element elementor-element-3efb6d1 e-con-full e-flex e-con e-child\" data-id=\"3efb6d1\" data-element_type=\"container\" data-e-type=\"container\">\n\t\t\t\t<div class=\"elementor-element elementor-element-f620012 elementor-view-default elementor-widget elementor-widget-icon\" data-id=\"f620012\" data-element_type=\"widget\" data-e-type=\"widget\" data-widget_type=\"icon.default\">\n\t\t\t\t\t\t\t<div class=\"elementor-icon-wrapper\">\n\t\t\t<div class=\"elementor-icon\">\n\t\t\t<svg xmlns=\"http:\/\/www.w3.org\/2000\/svg\" width=\"33\" height=\"32\" viewBox=\"0 0 33 32\" fill=\"none\"><path d=\"M28.1958 13.542L26.3718 8.06865C26.1072 7.27196 25.5983 6.57892 24.9173 6.088C24.2364 5.59707 23.418 5.33324 22.5785 5.33399H10.4212C9.58169 5.33324 8.76332 5.59707 8.08235 6.088C7.40138 6.57892 6.89244 7.27196 6.62784 8.06865L4.80384 13.542C4.31932 13.7453 3.90554 14.087 3.6143 14.5243C3.32305 14.9617 3.16729 15.4752 3.1665 16.0007V22.6673C3.1665 23.6713 3.7305 24.5367 4.55184 24.9913C4.5345 25.0793 4.49984 25.1593 4.49984 25.2513V28.0007C4.49984 28.3543 4.64031 28.6934 4.89036 28.9435C5.14041 29.1935 5.47955 29.334 5.83317 29.334H7.1665C7.52013 29.334 7.85926 29.1935 8.10931 28.9435C8.35936 28.6934 8.49984 28.3543 8.49984 28.0007V25.334H24.4998V28.0007C24.4998 28.3543 24.6403 28.6934 24.8904 28.9435C25.1404 29.1935 25.4795 29.334 25.8332 29.334H27.1665C27.5201 29.334 27.8593 29.1935 28.1093 28.9435C28.3594 28.6934 28.4998 28.3543 28.4998 28.0007V25.2513C28.4998 25.1593 28.4652 25.078 28.4478 24.9913C28.8657 24.7635 29.2147 24.4276 29.4584 24.0188C29.7021 23.61 29.8315 23.1433 29.8332 22.6673V16.0007C29.8332 14.8953 29.1558 13.946 28.1958 13.542ZM5.83317 22.6673V16.0007H27.1665L27.1692 22.6673H5.83317ZM10.4212 8.00065H22.5772C23.1518 8.00065 23.6612 8.36599 23.8425 8.91265L25.3172 13.334H7.6825L9.15584 8.91265C9.2443 8.64704 9.41413 8.41602 9.64124 8.25233C9.86835 8.08864 10.1412 8.00059 10.4212 8.00065Z\" fill=\"black\"><\/path><path d=\"M9.1665 21.334C10.2711 21.334 11.1665 20.4386 11.1665 19.334C11.1665 18.2294 10.2711 17.334 9.1665 17.334C8.06193 17.334 7.1665 18.2294 7.1665 19.334C7.1665 20.4386 8.06193 21.334 9.1665 21.334Z\" fill=\"black\"><\/path><path d=\"M23.8335 21.334C24.9381 21.334 25.8335 20.4386 25.8335 19.334C25.8335 18.2294 24.9381 17.334 23.8335 17.334C22.7289 17.334 21.8335 18.2294 21.8335 19.334C21.8335 20.4386 22.7289 21.334 23.8335 21.334Z\" fill=\"black\"><\/path><\/svg>\t\t\t<\/div>\n\t\t<\/div>\n\t\t\t\t\t\t<\/div>\n\t\t\t\t<div class=\"elementor-element elementor-element-41ab71f elementor-widget elementor-widget-text-editor\" data-id=\"41ab71f\" data-element_type=\"widget\" data-e-type=\"widget\" data-widget_type=\"text-editor.default\">\n\t\t\t\t\t\t\t\t\t<p>Parking devant la boutique\/cave<\/p>\t\t\t\t\t\t\t\t<\/div>\n\t\t\t\t<\/div>\n\t\t<div class=\"elementor-element elementor-element-de8b8eb e-con-full e-flex e-con e-child\" data-id=\"de8b8eb\" data-element_type=\"container\" data-e-type=\"container\">\n\t\t\t\t<div class=\"elementor-element elementor-element-c9eefb1 elementor-view-default elementor-widget elementor-widget-icon\" data-id=\"c9eefb1\" data-element_type=\"widget\" data-e-type=\"widget\" data-widget_type=\"icon.default\">\n\t\t\t\t\t\t\t<div class=\"elementor-icon-wrapper\">\n\t\t\t<div class=\"elementor-icon\">\n\t\t\t<svg xmlns=\"http:\/\/www.w3.org\/2000\/svg\" width=\"24\" height=\"24\" viewBox=\"0 0 24 24\" fill=\"none\"><path d=\"M1 1H5L7.68 14.39C7.77144 14.8504 8.02191 15.264 8.38755 15.5583C8.75318 15.8526 9.2107 16.009 9.68 16H19.4C19.8693 16.009 20.3268 15.8526 20.6925 15.5583C21.0581 15.264 21.3086 14.8504 21.4 14.39L23 6H6M10 21C10 21.5523 9.55228 22 9 22C8.44772 22 8 21.5523 8 21C8 20.4477 8.44772 20 9 20C9.55228 20 10 20.4477 10 21ZM21 21C21 21.5523 20.5523 22 20 22C19.4477 22 19 21.5523 19 21C19 20.4477 19.4477 20 20 20C20.5523 20 21 20.4477 21 21Z\" stroke=\"#1E1E1E\" stroke-width=\"2.5\" stroke-linecap=\"round\" stroke-linejoin=\"round\"><\/path><\/svg>\t\t\t<\/div>\n\t\t<\/div>\n\t\t\t\t\t\t<\/div>\n\t\t\t\t<div class=\"elementor-element elementor-element-cfb313b elementor-widget elementor-widget-text-editor\" data-id=\"cfb313b\" data-element_type=\"widget\" data-e-type=\"widget\" data-widget_type=\"text-editor.default\">\n\t\t\t\t\t\t\t\t\t<p>Bar et boutique de charcuterie artisanale du village<\/p>\t\t\t\t\t\t\t\t<\/div>\n\t\t\t\t<\/div>\n\t\t<div class=\"elementor-element elementor-element-d1a95b3 e-con-full e-flex e-con e-child\" data-id=\"d1a95b3\" data-element_type=\"container\" data-e-type=\"container\">\n\t\t\t\t<div class=\"elementor-element elementor-element-d1e2d65 elementor-view-default elementor-widget elementor-widget-icon\" data-id=\"d1e2d65\" data-element_type=\"widget\" data-e-type=\"widget\" data-widget_type=\"icon.default\">\n\t\t\t\t\t\t\t<div class=\"elementor-icon-wrapper\">\n\t\t\t<div class=\"elementor-icon\">\n\t\t\t<svg xmlns=\"http:\/\/www.w3.org\/2000\/svg\" width=\"33\" height=\"32\" viewBox=\"0 0 33 32\" fill=\"none\"><path d=\"M17.8332 2.66602V13.3327H28.4998C28.4998 7.43935 23.7265 2.66602 17.8332 2.66602ZM20.4998 10.666V5.78602C22.7665 6.58602 24.5665 8.38602 25.3798 10.666H20.4998ZM9.0865 14.666L7.81984 11.9993H3.1665V14.666H6.1265C6.1265 14.666 8.6465 20.0927 8.95317 20.5593C7.4865 21.346 6.49984 22.8927 6.49984 24.666C6.49984 27.2393 8.59317 29.3327 11.1665 29.3327C13.5132 29.3327 15.4598 27.5993 15.7798 25.3327H18.5532C18.8732 27.5993 20.8198 29.3327 23.1665 29.3327C25.7398 29.3327 27.8332 27.2393 27.8332 24.666C27.8332 23.2794 27.2198 22.0394 26.2598 21.186C27.7123 19.3231 28.5007 17.0283 28.4998 14.666H9.0865ZM11.1665 26.666C10.0598 26.666 9.1665 25.7727 9.1665 24.666C9.1665 23.5593 10.0598 22.666 11.1665 22.666C12.2732 22.666 13.1665 23.5593 13.1665 24.666C13.1665 25.7727 12.2732 26.666 11.1665 26.666ZM23.1665 26.666C22.0598 26.666 21.1665 25.7727 21.1665 24.666C21.1665 23.5593 22.0598 22.666 23.1665 22.666C24.2732 22.666 25.1665 23.5593 25.1665 24.666C25.1665 25.7727 24.2732 26.666 23.1665 26.666ZM24.1532 19.546L23.7665 20.0393C22.7898 19.9142 21.7985 20.1008 20.9341 20.5725C20.0697 21.0442 19.3764 21.7769 18.9532 22.666H15.3798C14.7132 21.2794 13.3798 20.266 11.8065 20.0393L11.2198 19.146C11.0865 18.9193 10.7665 18.226 10.3265 17.3327H25.3798C25.0998 18.1193 24.6865 18.866 24.1532 19.546Z\" fill=\"black\"><\/path><\/svg>\t\t\t<\/div>\n\t\t<\/div>\n\t\t\t\t\t\t<\/div>\n\t\t\t\t<div class=\"elementor-element elementor-element-b020116 elementor-widget elementor-widget-text-editor\" data-id=\"b020116\" data-element_type=\"widget\" data-e-type=\"widget\" data-widget_type=\"text-editor.default\">\n\t\t\t\t\t\t\t\t\t<p>Aires de jeux pour enfants dans le village, avec tables et barbecue<\/p>\t\t\t\t\t\t\t\t<\/div>\n\t\t\t\t<\/div>\n\t\t<div class=\"elementor-element elementor-element-53936e6 e-con-full e-flex e-con e-child\" data-id=\"53936e6\" data-element_type=\"container\" data-e-type=\"container\">\n\t\t\t\t<div class=\"elementor-element elementor-element-96272c2 elementor-view-default elementor-widget elementor-widget-icon\" data-id=\"96272c2\" data-element_type=\"widget\" data-e-type=\"widget\" data-widget_type=\"icon.default\">\n\t\t\t\t\t\t\t<div class=\"elementor-icon-wrapper\">\n\t\t\t<div class=\"elementor-icon\">\n\t\t\t<svg xmlns=\"http:\/\/www.w3.org\/2000\/svg\" width=\"33\" height=\"32\" viewBox=\"0 0 33 32\" fill=\"none\"><path d=\"M9.8335 18.666C12.0468 18.666 13.8335 16.8793 13.8335 14.666C13.8335 12.4527 12.0468 10.666 9.8335 10.666C7.62016 10.666 5.8335 12.4527 5.8335 14.666C5.8335 16.8793 7.62016 18.666 9.8335 18.666ZM9.8335 13.3327C10.5668 13.3327 11.1668 13.9327 11.1668 14.666C11.1668 15.3993 10.5668 15.9993 9.8335 15.9993C9.10016 15.9993 8.50016 15.3993 8.50016 14.666C8.50016 13.9327 9.10016 13.3327 9.8335 13.3327ZM25.8335 9.33268H15.1668V19.9993H4.50016V6.66602H1.8335V26.666H4.50016V22.666H28.5002V26.666H31.1668V14.666C31.1668 11.7193 28.7802 9.33268 25.8335 9.33268ZM28.5002 19.9993H17.8335V11.9993H25.8335C27.3002 11.9993 28.5002 13.1993 28.5002 14.666V19.9993Z\" fill=\"black\"><\/path><\/svg>\t\t\t<\/div>\n\t\t<\/div>\n\t\t\t\t\t\t<\/div>\n\t\t\t\t<div class=\"elementor-element elementor-element-766a656 elementor-widget elementor-widget-text-editor\" data-id=\"766a656\" data-element_type=\"widget\" data-e-type=\"widget\" data-widget_type=\"text-editor.default\">\n\t\t\t\t\t\t\t\t\t<p>H\u00e9bergement dans le<br>village : <span style=\"text-decoration: underline;\"><a href=\"https:\/\/calromaldet.com\/\" target=\"_blank\" rel=\"noopener\">Appartement de Celler Sabat\u00e9 : \u00ab\u00a0Cal Romaldet\u00a0\u00bb<\/a><\/span>, et autres h\u00e9bergements.<\/p>\t\t\t\t\t\t\t\t<\/div>\n\t\t\t\t<\/div>\n\t\t\t\t\t<\/div>\n\t\t\t\t<\/div>\n\t\t<div class=\"elementor-element elementor-element-aac4f29 e-con-full e-flex e-con e-parent\" data-id=\"aac4f29\" data-element_type=\"container\" data-e-type=\"container\" data-settings=\"{&quot;background_background&quot;:&quot;classic&quot;}\">\n\t\t\t\t<div class=\"elementor-element elementor-element-c4dc881 elementor-widget elementor-widget-heading\" data-id=\"c4dc881\" data-element_type=\"widget\" data-e-type=\"widget\" data-widget_type=\"heading.default\">\n\t\t\t\t\t<h2 class=\"elementor-heading-title elementor-size-default\">LA VILELLA BAIXA<\/h2>\t\t\t\t<\/div>\n\t\t\t\t<div class=\"elementor-element elementor-element-22a52bb elementor-widget__width-initial elementor-widget elementor-widget-heading\" data-id=\"22a52bb\" data-element_type=\"widget\" data-e-type=\"widget\" data-widget_type=\"heading.default\">\n\t\t\t\t\t<h2 class=\"elementor-heading-title elementor-size-default\">Au c\u0153ur de la DOQ Priorat<\/h2>\t\t\t\t<\/div>\n\t\t\t\t<div class=\"elementor-element elementor-element-f6b7fd0 elementor-widget__width-initial elementor-widget elementor-widget-text-editor\" data-id=\"f6b7fd0\" data-element_type=\"widget\" data-e-type=\"widget\" data-widget_type=\"text-editor.default\">\n\t\t\t\t\t\t\t\t\t<p>Le Priorat est une r\u00e9gion mondialement reconnue pour la qualit\u00e9 de ses vins. Ses petits villages, accueillants et pleins de charme, ainsi que ses habitants hospitaliers et son relief singulier escarp\u00e9 et montagneux, offrent des coins uniques pour d\u00e9couvrir une terre charg\u00e9e d&rsquo;histoire, de tradition et de beaut\u00e9 naturelle. <\/p><p>La Vilella Baixa est l&rsquo;un de ces villages avec une \u00e2me propre. Avec \u00e0 peine 177 habitants, ses rues \u00e9troites et escarp\u00e9es forment un r\u00e9seau pittoresque qui serpente au pied de la cha\u00eene de montagnes du Montsant. Les rivi\u00e8res Escaladei et Montsant traversent le centre urbain, apportant vie et fra\u00eecheur. L&rsquo;\u00e9crivain Josep Maria Espin\u00e0s l&rsquo;a baptis\u00e9e la \u00ab&nbsp;New York du Priorat&nbsp;\u00bb, en r\u00e9f\u00e9rence aux impressionnantes maisons de plus de huit \u00e9tages qui s&rsquo;\u00e9l\u00e8vent sur les rochers du ravin.   <\/p><p>Chez Celler Sabat\u00e9, nous vous offrons la possibilit\u00e9 de s\u00e9journer dans l&rsquo;agr\u00e9able appartement de Cal Romaldet, situ\u00e9 en plein c\u0153ur du village. Cette ancienne maison, enti\u00e8rement r\u00e9nov\u00e9e, dispose de deux \u00e9tages et offre des vues spectaculaires sur la rivi\u00e8re. C&rsquo;est un endroit id\u00e9al pour profiter de la tranquillit\u00e9, d\u00e9couvrir La Vilella Baixa et explorer les tr\u00e9sors du Priorat. Si vous souhaitez plus d&rsquo;informations sur l&rsquo;h\u00e9bergement, n&rsquo;h\u00e9sitez pas \u00e0 nous contacter. Nous serons ravis de vous aider.    <\/p>\t\t\t\t\t\t\t\t<\/div>\n\t\t\t\t<div class=\"elementor-element elementor-element-e33bc11 elementor-widget elementor-widget-image\" data-id=\"e33bc11\" data-element_type=\"widget\" data-e-type=\"widget\" data-widget_type=\"image.default\">\n\t\t\t\t\t\t\t\t\t\t\t\t\t\t\t<img fetchpriority=\"high\" decoding=\"async\" width=\"702\" height=\"467\" src=\"https:\/\/cellersabate.com\/wp-content\/uploads\/2025\/07\/Verema-2015-29-3.png\" class=\"attachment-full size-full wp-image-3128\" alt=\"\" srcset=\"https:\/\/cellersabate.com\/wp-content\/uploads\/2025\/07\/Verema-2015-29-3.png 702w, https:\/\/cellersabate.com\/wp-content\/uploads\/2025\/07\/Verema-2015-29-3-600x399.png 600w, https:\/\/cellersabate.com\/wp-content\/uploads\/2025\/07\/Verema-2015-29-3-300x200.png 300w\" sizes=\"(max-width: 702px) 100vw, 702px\" title=\"\">\t\t\t\t\t\t\t\t\t\t\t\t\t\t\t<\/div>\n\t\t\t\t<div class=\"elementor-element elementor-element-c6b7e76 elementor-widget elementor-widget-button\" data-id=\"c6b7e76\" data-element_type=\"widget\" data-e-type=\"widget\" data-widget_type=\"button.default\">\n\t\t\t\t\t\t\t\t\t\t<a class=\"elementor-button elementor-button-link elementor-size-sm\" href=\"https:\/\/cellersabate.com\/nosotros\">\n\t\t\t\t\t\t<span class=\"elementor-button-content-wrapper\">\n\t\t\t\t\t\t<span class=\"elementor-button-icon\">\n\t\t\t\t<svg xmlns=\"http:\/\/www.w3.org\/2000\/svg\" width=\"12\" height=\"12\" viewBox=\"0 0 12 12\" fill=\"none\"><path d=\"M1.3335 6.00065H10.6668M10.6668 6.00065L6.00016 1.33398M10.6668 6.00065L6.00016 10.6673\" stroke=\"white\" stroke-width=\"1.6\" stroke-linecap=\"round\" stroke-linejoin=\"round\"><\/path><\/svg>\t\t\t<\/span>\n\t\t\t\t\t\t\t\t\t<span class=\"elementor-button-text\">EN SAVOIR PLUS SUR NOUS<\/span>\n\t\t\t\t\t<\/span>\n\t\t\t\t\t<\/a>\n\t\t\t\t\t\t\t\t<\/div>\n\t\t\t\t<\/div>\n\t\t\t\t<\/div>\n\t\t","protected":false},"excerpt":{"rendered":"<p>D\u00e9couvrez notre cave. Vous pouvez venir nous rendre visite quand vous le souhaitez. Notre boutique est ouverte tous les jours de l&rsquo;ann\u00e9e, aux horaires suivants : de 9h00 \u00e0 14h00 du lundi au dimanche.\u2028Vous y trouverez tous les vins que nous produisons, de l&rsquo;huile et des olives, des fruits secs et d&rsquo;autres produits.\u2028 D\u00c9GUSTATION DE [&hellip;]<\/p>\n","protected":false},"author":1,"featured_media":0,"parent":0,"menu_order":0,"comment_status":"closed","ping_status":"closed","template":"","meta":{"footnotes":""},"class_list":["post-3130","page","type-page","status-publish","hentry"],"_links":{"self":[{"href":"https:\/\/cellersabate.com\/fr\/wp-json\/wp\/v2\/pages\/3130","targetHints":{"allow":["GET"]}}],"collection":[{"href":"https:\/\/cellersabate.com\/fr\/wp-json\/wp\/v2\/pages"}],"about":[{"href":"https:\/\/cellersabate.com\/fr\/wp-json\/wp\/v2\/types\/page"}],"author":[{"embeddable":true,"href":"https:\/\/cellersabate.com\/fr\/wp-json\/wp\/v2\/users\/1"}],"replies":[{"embeddable":true,"href":"https:\/\/cellersabate.com\/fr\/wp-json\/wp\/v2\/comments?post=3130"}],"version-history":[{"count":5,"href":"https:\/\/cellersabate.com\/fr\/wp-json\/wp\/v2\/pages\/3130\/revisions"}],"predecessor-version":[{"id":4019,"href":"https:\/\/cellersabate.com\/fr\/wp-json\/wp\/v2\/pages\/3130\/revisions\/4019"}],"wp:attachment":[{"href":"https:\/\/cellersabate.com\/fr\/wp-json\/wp\/v2\/media?parent=3130"}],"curies":[{"name":"wp","href":"https:\/\/api.w.org\/{rel}","templated":true}]}}