{"id":2808,"date":"2025-07-30T11:19:10","date_gmt":"2025-07-30T09:19:10","guid":{"rendered":"https:\/\/cellersabate.com\/mentions-legales\/"},"modified":"2025-09-29T19:30:41","modified_gmt":"2025-09-29T17:30:41","slug":"mentions-legales","status":"publish","type":"page","link":"https:\/\/cellersabate.com\/fr\/mentions-legales\/","title":{"rendered":"Mentions l\u00e9gales"},"content":{"rendered":"\n<h2 class=\"wp-block-heading\">Mentions l\u00e9gales<\/h2>\n\n<p>Conform\u00e9ment \u00e0 l&rsquo;obligation d&rsquo;information pr\u00e9vue \u00e0 l&rsquo;article 10 de la loi 34\/2002, du 11 juillet, sur les <strong>services de la soci\u00e9t\u00e9 de l&rsquo;information et du commerce \u00e9lectronique (LSSI-CE)<\/strong>, les utilisateurs sont inform\u00e9s des donn\u00e9es suivantes\u00a0:<\/p>\n\n<h4 class=\"wp-block-heading\">Donn\u00e9es d&rsquo;identification<\/h4>\n\n<ul class=\"wp-block-list\">\n<li><strong>Titulaire :<\/strong> Jaume Sabat\u00e9 Mestre (Celler Sabat\u00e9)<\/li>\n\n\n\n<li><strong>CIF\/NIF :<\/strong> 38837246G<\/li>\n\n\n\n<li><strong>Si\u00e8ge social :<\/strong> Nou, 8, 43374 La Vilella Baixa<\/li>\n\n\n\n<li><strong>Adresse \u00e9lectronique :<\/strong> admin@cellersabate.com<\/li>\n\n\n\n<li><strong>T\u00e9l\u00e9phone :<\/strong> 977 839 209<\/li>\n<\/ul>\n\n<h4 class=\"wp-block-heading\">Objet du site web<\/h4>\n\n<p>Le pr\u00e9sent site web a pour objet de faire conna\u00eetre l&rsquo;activit\u00e9 de l&rsquo;entreprise et de fournir des informations sur ses produits et services li\u00e9s \u00e0 l&rsquo;\u00e9laboration et \u00e0 la commercialisation de vins.<\/p>\n\n<h4 class=\"wp-block-heading\">Conditions d&rsquo;utilisation<\/h4>\n\n<ul class=\"wp-block-list\">\n<li>L&rsquo;acc\u00e8s au site web attribue la condition d&rsquo;utilisateur et implique l&rsquo;acceptation pleine et sans r\u00e9serve des pr\u00e9sentes mentions l\u00e9gales.<\/li>\n\n\n\n<li>L&rsquo;utilisateur s&rsquo;engage \u00e0 faire un usage appropri\u00e9 des contenus et services, conform\u00e9ment \u00e0 la loi, \u00e0 la morale et \u00e0 l&rsquo;ordre public.<\/li>\n\n\n\n<li>Tout usage illicite, contraire \u00e0 la bonne foi ou susceptible de causer un pr\u00e9judice \u00e0 l&rsquo;entreprise ou \u00e0 des tiers est interdit.<\/li>\n\n\n\n<li>L&rsquo;entreprise ne saurait \u00eatre tenue responsable des dommages qui pourraient d\u00e9couler d&rsquo;une utilisation abusive de ce site web.<\/li>\n<\/ul>\n\n<h4 class=\"wp-block-heading\">Propri\u00e9t\u00e9 intellectuelle et industrielle<\/h4>\n\n<ul class=\"wp-block-list\">\n<li>Tous les contenus du site web (textes, images, logos, dessins, marques, etc.) sont prot\u00e9g\u00e9s par la l\u00e9gislation en vigueur en mati\u00e8re de propri\u00e9t\u00e9 intellectuelle et industrielle.<\/li>\n\n\n\n<li>Toute reproduction, distribution ou modification sans l&rsquo;autorisation expresse du titulaire est interdite.<\/li>\n<\/ul>\n\n<h4 class=\"wp-block-heading\">Responsabilit\u00e9 des contenus<\/h4>\n\n<ul class=\"wp-block-list\">\n<li>L&rsquo;entreprise ne garantit pas l&rsquo;absence d&rsquo;erreurs dans le contenu du site web ni que celui-ci soit toujours \u00e0 jour.<\/li>\n\n\n\n<li>L&rsquo;entreprise ne saurait \u00eatre tenue responsable de la l\u00e9galit\u00e9 d&rsquo;autres sites web de tiers auxquels il est possible d&rsquo;acc\u00e9der par le biais de liens depuis ce portail.<\/li>\n<\/ul>\n\n<h4 class=\"wp-block-heading\">L\u00e9gislation applicable<\/h4>\n\n<p>La relation entre l&rsquo;entreprise et l&rsquo;utilisateur sera r\u00e9gie par la l\u00e9gislation espagnole en vigueur et tout litige sera soumis aux <strong>tribunaux comp\u00e9tents du domicile du titulaire du site web<\/strong>.<\/p>\n\n<p><\/p>\n\n<h2 class=\"wp-block-heading\">Avis concernant la vente d\u2019alcool aux mineurs<\/h2>\n\n<p>Conform\u00e9ment \u00e0 la <strong>loi 11\/2010, relative \u00e0 la pr\u00e9vention de la consommation de boissons alcoolis\u00e9es chez les mineurs<\/strong>, la vente et la fourniture de boissons alcoolis\u00e9es aux personnes de moins de <strong>18 ans<\/strong> sont strictement interdites.<\/p>\n\n<p>L\u2019acc\u00e8s et l\u2019achat de produits sur ce site web sont <strong>exclusivement r\u00e9serv\u00e9s aux personnes de plus de 18 ans<\/strong>.<\/p>\n\n<p>L\u2019utilisateur d\u00e9clare, sous sa responsabilit\u00e9, \u00eatre majeur lors de tout achat sur le site web.<\/p>\n","protected":false},"excerpt":{"rendered":"<p>Mentions l\u00e9gales Conform\u00e9ment \u00e0 l&rsquo;obligation d&rsquo;information pr\u00e9vue \u00e0 l&rsquo;article 10 de la loi 34\/2002, du 11 juillet, sur les services de la soci\u00e9t\u00e9 de l&rsquo;information et du commerce \u00e9lectronique (LSSI-CE), les utilisateurs sont inform\u00e9s des donn\u00e9es suivantes\u00a0: Donn\u00e9es d&rsquo;identification Objet du site web Le pr\u00e9sent site web a pour objet de faire conna\u00eetre l&rsquo;activit\u00e9 de [&hellip;]<\/p>\n","protected":false},"author":1,"featured_media":0,"parent":0,"menu_order":0,"comment_status":"closed","ping_status":"closed","template":"","meta":{"footnotes":""},"class_list":["post-2808","page","type-page","status-publish","hentry"],"_links":{"self":[{"href":"https:\/\/cellersabate.com\/fr\/wp-json\/wp\/v2\/pages\/2808","targetHints":{"allow":["GET"]}}],"collection":[{"href":"https:\/\/cellersabate.com\/fr\/wp-json\/wp\/v2\/pages"}],"about":[{"href":"https:\/\/cellersabate.com\/fr\/wp-json\/wp\/v2\/types\/page"}],"author":[{"embeddable":true,"href":"https:\/\/cellersabate.com\/fr\/wp-json\/wp\/v2\/users\/1"}],"replies":[{"embeddable":true,"href":"https:\/\/cellersabate.com\/fr\/wp-json\/wp\/v2\/comments?post=2808"}],"version-history":[{"count":0,"href":"https:\/\/cellersabate.com\/fr\/wp-json\/wp\/v2\/pages\/2808\/revisions"}],"wp:attachment":[{"href":"https:\/\/cellersabate.com\/fr\/wp-json\/wp\/v2\/media?parent=2808"}],"curies":[{"name":"wp","href":"https:\/\/api.w.org\/{rel}","templated":true}]}}