{"id":2801,"date":"2025-07-30T11:21:00","date_gmt":"2025-07-30T09:21:00","guid":{"rendered":"https:\/\/cellersabate.com\/conditions-generales-dachat\/"},"modified":"2025-10-13T17:18:00","modified_gmt":"2025-10-13T15:18:00","slug":"conditions-generales-dachat","status":"publish","type":"page","link":"https:\/\/cellersabate.com\/fr\/conditions-generales-dachat\/","title":{"rendered":"Conditions g\u00e9n\u00e9rales d&rsquo;achat"},"content":{"rendered":"\n<h1 class=\"wp-block-heading\">Conditions g\u00e9n\u00e9rales d&rsquo;achat<\/h1>\n\n<p>Les pr\u00e9sentes Conditions G\u00e9n\u00e9rales de Vente r\u00e9gissent l&rsquo;acquisition des produits propos\u00e9s sur le site web www.cellersabate.com (ci-apr\u00e8s, \u00ab le site web \u00bb), propri\u00e9t\u00e9 de Jaume Sabat\u00e9 Rodr\u00edguez, dont le si\u00e8ge social est situ\u00e9 Roger de Belfort, 39 bajos, 43202 Reus, NIF 39925104W et adresse \u00e9lectronique de contact cellersabate@cellersabate.com.<\/p>\n\n<p>L&rsquo;utilisation des services d&rsquo;achat en ligne implique l&rsquo;acceptation pleine et enti\u00e8re des pr\u00e9sentes Conditions G\u00e9n\u00e9rales.<\/p>\n\n<h4 class=\"wp-block-heading\">1. Capacit\u00e9 juridique<\/h4>\n\n<p style=\"margin-top:53;margin-right:53;margin-bottom:53;margin-left:53;padding-top:0;padding-right:0;padding-bottom:0;padding-left:0\">L&rsquo;acc\u00e8s et l&rsquo;achat de produits sur ce site web sont <strong>r\u00e9serv\u00e9s aux personnes \u00e2g\u00e9es de plus de 18 ans<\/strong>.<\/p>\n\n<h4 class=\"wp-block-heading\">2. Processus d&rsquo;achat<\/h4>\n\n<ol class=\"wp-block-list\">\n<li>L&rsquo;utilisateur doit s\u00e9lectionner les produits souhait\u00e9s et les ajouter au panier.<\/li>\n\n\n\n<li>Une fois la s\u00e9lection termin\u00e9e, il doit fournir les donn\u00e9es n\u00e9cessaires \u00e0 la facturation, \u00e0 la livraison et au paiement.<\/li>\n\n\n\n<li>Avant de confirmer la commande, l&rsquo;utilisateur peut consulter le r\u00e9capitulatif de l&rsquo;achat, y compris le prix total, les taxes et les frais d&rsquo;exp\u00e9dition.<\/li>\n\n\n\n<li>L&rsquo;achat est consid\u00e9r\u00e9 comme finalis\u00e9 une fois le paiement re\u00e7u et la confirmation envoy\u00e9e par courrier \u00e9lectronique \u00e0 l&rsquo;utilisateur.<\/li>\n<\/ol>\n\n<h4 class=\"wp-block-heading\">3. Prix et taxes<\/h4>\n\n<ul class=\"wp-block-list\">\n<li>Tous les prix des produits sont indiqu\u00e9s en euros (\u20ac) et incluent la <strong>Taxe sur la Valeur Ajout\u00e9e (TVA)<\/strong> applicable en Espagne.<\/li>\n\n\n\n<li>Les frais d&rsquo;exp\u00e9dition ne sont pas inclus dans le prix des produits et seront indiqu\u00e9s avant la confirmation de la commande.<\/li>\n<\/ul>\n\n<h4 class=\"wp-block-heading\">4. Modes de paiement<\/h4>\n\n<p>Le site web accepte les modes de paiement suivants :<\/p>\n\n<ul class=\"wp-block-list\">\n<li>Carte de cr\u00e9dit\/d\u00e9bit.<\/li>\n\n\n\n<li>Virement bancaire.<\/li>\n\n\n\n<li>Autres m\u00e9thodes de paiement \u00e9lectronique Bizum, via la passerelle de paiement de la banque.<\/li>\n<\/ul>\n\n<p>Le paiement est consid\u00e9r\u00e9 comme effectu\u00e9 lorsque l&rsquo;\u00e9tablissement bancaire confirme l&rsquo;op\u00e9ration.<\/p>\n\n<h4 class=\"wp-block-heading\">5. Exp\u00e9ditions et livraisons<\/h4>\n\n<ul class=\"wp-block-list\">\n<li>Les envois sont effectu\u00e9s \u00e0 l&rsquo;adresse indiqu\u00e9e par le client lors du processus d&rsquo;achat.<\/li>\n\n\n\n<li>Les d\u00e9lais de livraison varient entre <strong>48 et 72 heures<\/strong> ouvrables, selon la destination.<\/li>\n\n\n\n<li>L&rsquo;entreprise n&rsquo;est pas responsable des retards occasionn\u00e9s par des causes de force majeure ou ind\u00e9pendantes de sa volont\u00e9 (ex. incidents logistiques).<\/li>\n<\/ul>\n\n<h4 class=\"wp-block-heading\">4. Politique de retour et de r\u00e9tractation<\/h4>\n\n<p>Conform\u00e9ment \u00e0 la r\u00e9glementation en mati\u00e8re de consommation, l&rsquo;acheteur dispose d&rsquo;un <strong>d\u00e9lai de 14 jours calendaires<\/strong> \u00e0 compter de la r\u00e9ception de la commande pour exercer son droit de r\u00e9tractation, sans avoir \u00e0 justifier sa d\u00e9cision.<\/p>\n\n<p>Pour exercer ce droit, vous devez le communiquer \u00e0 <strong>cellersabate@cellersabate.com<\/strong> et retourner les produits dans leur emballage d&rsquo;origine, en parfait \u00e9tat et sans avoir \u00e9t\u00e9 ouverts ou manipul\u00e9s.<\/p>\n\n<p>Les frais de retour sont \u00e0 la charge du client, sauf s&rsquo;il s&rsquo;agit d&rsquo;un produit d\u00e9fectueux ou d&rsquo;une erreur d&rsquo;envoi, auquel cas l&rsquo;entreprise prendra en charge les frais.<\/p>\n\n<h4 class=\"wp-block-heading\">7. Garanties<\/h4>\n\n<p>Tous les produits propos\u00e9s b\u00e9n\u00e9ficient de la garantie l\u00e9gale de conformit\u00e9 de deux ans pr\u00e9vue par la l\u00e9gislation en vigueur.<\/p>\n\n<h4 class=\"wp-block-heading\">8. Service client\u00e8le<\/h4>\n\n<p style=\"margin-top:0;margin-right:0;margin-bottom:0;margin-left:0\">Pour toute question, r\u00e9clamation ou demande d&rsquo;informations, l&rsquo;utilisateur peut s&rsquo;adresser \u00e0 :<\/p>\n\n<ul class=\"wp-block-list\">\n<li>Adresse \u00e9lectronique : cellersabate@cellersabate.com<\/li>\n\n\n\n<li>T\u00e9l\u00e9phone : 977 839 209<\/li>\n<\/ul>\n\n<h4 class=\"wp-block-heading\">9. L\u00e9gislation applicable et juridiction<\/h4>\n\n<p>Les pr\u00e9sentes Conditions G\u00e9n\u00e9rales de Vente sont r\u00e9gies par la l\u00e9gislation espagnole.<br\/>En cas de litige, les parties se soumettront aux <strong>tribunaux comp\u00e9tents du domicile du consommateur<\/strong>.<\/p>\n","protected":false},"excerpt":{"rendered":"<p>Conditions g\u00e9n\u00e9rales d&rsquo;achat Les pr\u00e9sentes Conditions G\u00e9n\u00e9rales de Vente r\u00e9gissent l&rsquo;acquisition des produits propos\u00e9s sur le site web www.cellersabate.com (ci-apr\u00e8s, \u00ab le site web \u00bb), propri\u00e9t\u00e9 de Jaume Sabat\u00e9 Rodr\u00edguez, dont le si\u00e8ge social est situ\u00e9 Roger de Belfort, 39 bajos, 43202 Reus, NIF 39925104W et adresse \u00e9lectronique de contact cellersabate@cellersabate.com. L&rsquo;utilisation des services d&rsquo;achat [&hellip;]<\/p>\n","protected":false},"author":1,"featured_media":0,"parent":0,"menu_order":0,"comment_status":"closed","ping_status":"closed","template":"","meta":{"footnotes":""},"class_list":["post-2801","page","type-page","status-publish","hentry"],"_links":{"self":[{"href":"https:\/\/cellersabate.com\/fr\/wp-json\/wp\/v2\/pages\/2801","targetHints":{"allow":["GET"]}}],"collection":[{"href":"https:\/\/cellersabate.com\/fr\/wp-json\/wp\/v2\/pages"}],"about":[{"href":"https:\/\/cellersabate.com\/fr\/wp-json\/wp\/v2\/types\/page"}],"author":[{"embeddable":true,"href":"https:\/\/cellersabate.com\/fr\/wp-json\/wp\/v2\/users\/1"}],"replies":[{"embeddable":true,"href":"https:\/\/cellersabate.com\/fr\/wp-json\/wp\/v2\/comments?post=2801"}],"version-history":[{"count":0,"href":"https:\/\/cellersabate.com\/fr\/wp-json\/wp\/v2\/pages\/2801\/revisions"}],"wp:attachment":[{"href":"https:\/\/cellersabate.com\/fr\/wp-json\/wp\/v2\/media?parent=2801"}],"curies":[{"name":"wp","href":"https:\/\/api.w.org\/{rel}","templated":true}]}}