{"id":2966,"date":"2025-08-20T10:46:45","date_gmt":"2025-08-20T08:46:45","guid":{"rendered":"https:\/\/cellersabate.com\/walnuts-with-shell-1kg\/"},"modified":"2025-10-20T23:28:10","modified_gmt":"2025-10-20T21:28:10","slug":"walnuts-with-shell","status":"publish","type":"product","link":"https:\/\/cellersabate.com\/en\/walnuts-with-shell\/","title":{"rendered":"Walnuts with shell 1Kg"},"content":{"rendered":"","protected":false},"excerpt":{"rendered":"<p>Nueces del Celler Sabat\u00e9, de la Finca Plantadeta, en la comarca del Priorat, tienen un sabor buen\u00edsimo y muy natural.<br \/>\nSe cultivan como se ha hecho siempre, con mimo y sin prisas.<br \/>\nLos nogales estan rodeados de vi\u00f1edos, olivos y monta\u00f1as, en un sitio \u00fanico.<br \/>\n<span class=\"jet-listing-dynamic-field__content\"><strong>HARVESTING AND DRYING PROCESS<\/strong><br \/>\nThe nuts are dried by placing them in nets and drying them naturally, in the sun. They are then bagged in mesh bags to promote ventilation and prevent them from re-absorbing moisture. <\/span><\/p>\n<p>Weight: 1 kilo at the time of bagging.<br \/>\n2025 Harvest<\/p>\n","protected":false},"featured_media":2965,"comment_status":"open","ping_status":"closed","template":"","meta":[],"product_brand":[],"product_cat":[91],"product_tag":[92],"class_list":{"0":"post-2966","1":"product","2":"type-product","3":"status-publish","4":"has-post-thumbnail","6":"product_cat-oils","7":"product_tag-other","9":"first","10":"instock","11":"taxable","12":"shipping-taxable","13":"purchasable","14":"product-type-simple"},"_links":{"self":[{"href":"https:\/\/cellersabate.com\/en\/wp-json\/wp\/v2\/product\/2966","targetHints":{"allow":["GET"]}}],"collection":[{"href":"https:\/\/cellersabate.com\/en\/wp-json\/wp\/v2\/product"}],"about":[{"href":"https:\/\/cellersabate.com\/en\/wp-json\/wp\/v2\/types\/product"}],"replies":[{"embeddable":true,"href":"https:\/\/cellersabate.com\/en\/wp-json\/wp\/v2\/comments?post=2966"}],"version-history":[{"count":0,"href":"https:\/\/cellersabate.com\/en\/wp-json\/wp\/v2\/product\/2966\/revisions"}],"wp:featuredmedia":[{"embeddable":true,"href":"https:\/\/cellersabate.com\/en\/wp-json\/wp\/v2\/media\/2965"}],"wp:attachment":[{"href":"https:\/\/cellersabate.com\/en\/wp-json\/wp\/v2\/media?parent=2966"}],"wp:term":[{"taxonomy":"product_brand","embeddable":true,"href":"https:\/\/cellersabate.com\/en\/wp-json\/wp\/v2\/product_brand?post=2966"},{"taxonomy":"product_cat","embeddable":true,"href":"https:\/\/cellersabate.com\/en\/wp-json\/wp\/v2\/product_cat?post=2966"},{"taxonomy":"product_tag","embeddable":true,"href":"https:\/\/cellersabate.com\/en\/wp-json\/wp\/v2\/product_tag?post=2966"}],"curies":[{"name":"wp","href":"https:\/\/api.w.org\/{rel}","templated":true}]}}