{"id":3985,"date":"2026-02-27T19:21:12","date_gmt":"2026-02-27T18:21:12","guid":{"rendered":"https:\/\/cellersabate.com\/?post_type=product&#038;p=3985"},"modified":"2026-02-27T19:22:17","modified_gmt":"2026-02-27T18:22:17","slug":"1909-plantadeta-carinyena-centenaria-2022-copia","status":"publish","type":"product","link":"https:\/\/cellersabate.com\/ca\/1909-plantadeta-carinyena-centenaria-2022-copia\/","title":{"rendered":"1909 Plantadeta Carinyena Centen\u00e0ria 2022 (copia)"},"content":{"rendered":"","protected":false},"excerpt":{"rendered":"<p>Plantada al 1909 pel nostre besavi Jaume Sabat\u00e9. Carinyena en estat pur, concentraci\u00f3 i puresa, envellit en \u00e0mfora de fang fabricada especialment per a aquest vi.<br \/>\n<strong>Producci\u00f3 molt limitada: 186 ampolles numerades<\/strong><\/p>\n","protected":false},"featured_media":2730,"comment_status":"open","ping_status":"closed","template":"","meta":[],"product_brand":[],"product_cat":[75],"product_tag":[86,81],"class_list":{"0":"post-3985","1":"product","2":"type-product","3":"status-publish","4":"has-post-thumbnail","6":"product_cat-vins","7":"product_tag-plantadeta","8":"product_tag-topvino","10":"first","11":"instock","12":"taxable","13":"shipping-taxable","14":"purchasable","15":"product-type-simple"},"_links":{"self":[{"href":"https:\/\/cellersabate.com\/ca\/wp-json\/wp\/v2\/product\/3985","targetHints":{"allow":["GET"]}}],"collection":[{"href":"https:\/\/cellersabate.com\/ca\/wp-json\/wp\/v2\/product"}],"about":[{"href":"https:\/\/cellersabate.com\/ca\/wp-json\/wp\/v2\/types\/product"}],"replies":[{"embeddable":true,"href":"https:\/\/cellersabate.com\/ca\/wp-json\/wp\/v2\/comments?post=3985"}],"version-history":[{"count":1,"href":"https:\/\/cellersabate.com\/ca\/wp-json\/wp\/v2\/product\/3985\/revisions"}],"predecessor-version":[{"id":3988,"href":"https:\/\/cellersabate.com\/ca\/wp-json\/wp\/v2\/product\/3985\/revisions\/3988"}],"wp:featuredmedia":[{"embeddable":true,"href":"https:\/\/cellersabate.com\/ca\/wp-json\/wp\/v2\/media\/2730"}],"wp:attachment":[{"href":"https:\/\/cellersabate.com\/ca\/wp-json\/wp\/v2\/media?parent=3985"}],"wp:term":[{"taxonomy":"product_brand","embeddable":true,"href":"https:\/\/cellersabate.com\/ca\/wp-json\/wp\/v2\/product_brand?post=3985"},{"taxonomy":"product_cat","embeddable":true,"href":"https:\/\/cellersabate.com\/ca\/wp-json\/wp\/v2\/product_cat?post=3985"},{"taxonomy":"product_tag","embeddable":true,"href":"https:\/\/cellersabate.com\/ca\/wp-json\/wp\/v2\/product_tag?post=3985"}],"curies":[{"name":"wp","href":"https:\/\/api.w.org\/{rel}","templated":true}]}}