{"id":2783,"date":"2025-08-20T10:12:46","date_gmt":"2025-08-20T08:12:46","guid":{"rendered":"https:\/\/cellersabate.com\/vi-papa-pare-father-edicion-especial\/"},"modified":"2025-10-20T23:23:12","modified_gmt":"2025-10-20T21:23:12","slug":"vi-papa-pare-father-edicio-especial","status":"publish","type":"product","link":"https:\/\/cellersabate.com\/ca\/vi-papa-pare-father-edicio-especial\/","title":{"rendered":"Vi Pap\u00e1 Pare Father edici\u00f3n especial"},"content":{"rendered":"","protected":false},"excerpt":{"rendered":"<p><strong>Papa Pare Father<\/strong> \u00e9s una edici\u00f3 especial, 100% Garnatxa de vinya vella. Amb aquest vi volem expressar en <strong>una sola palabra i dit en molts idiomes: papa, pare, father, p\u00e8re, vater, pai, aita, padre, var&#8230;<\/strong> Igual que el vi mostra les terres d&#8217;on procedeix nosaltres som l&#8217;ess\u00e8ncia d&#8217;on venim: papa.<br \/>\n<strong>Un vi amb una etiqueta \u00fanica i minimalista capa\u00e7 de treure el teu costat m\u00e9s art\u00edstic. Personalitza&#8217;l, treu el teu costat m\u00e9s creatiu i fes que sigui un vi \u00fanic. Fes que qui el rebi es senti especial.  <\/strong> Et portem el millor vi pel dia del pare.<\/p>\n","protected":false},"featured_media":2782,"comment_status":"open","ping_status":"closed","template":"","meta":[],"product_brand":[],"product_cat":[75],"product_tag":[76],"class_list":{"0":"post-2783","1":"product","2":"type-product","3":"status-publish","4":"has-post-thumbnail","6":"product_cat-vins","7":"product_tag-especials","9":"first","10":"instock","11":"taxable","12":"shipping-taxable","13":"purchasable","14":"product-type-simple"},"_links":{"self":[{"href":"https:\/\/cellersabate.com\/ca\/wp-json\/wp\/v2\/product\/2783","targetHints":{"allow":["GET"]}}],"collection":[{"href":"https:\/\/cellersabate.com\/ca\/wp-json\/wp\/v2\/product"}],"about":[{"href":"https:\/\/cellersabate.com\/ca\/wp-json\/wp\/v2\/types\/product"}],"replies":[{"embeddable":true,"href":"https:\/\/cellersabate.com\/ca\/wp-json\/wp\/v2\/comments?post=2783"}],"version-history":[{"count":0,"href":"https:\/\/cellersabate.com\/ca\/wp-json\/wp\/v2\/product\/2783\/revisions"}],"wp:featuredmedia":[{"embeddable":true,"href":"https:\/\/cellersabate.com\/ca\/wp-json\/wp\/v2\/media\/2782"}],"wp:attachment":[{"href":"https:\/\/cellersabate.com\/ca\/wp-json\/wp\/v2\/media?parent=2783"}],"wp:term":[{"taxonomy":"product_brand","embeddable":true,"href":"https:\/\/cellersabate.com\/ca\/wp-json\/wp\/v2\/product_brand?post=2783"},{"taxonomy":"product_cat","embeddable":true,"href":"https:\/\/cellersabate.com\/ca\/wp-json\/wp\/v2\/product_cat?post=2783"},{"taxonomy":"product_tag","embeddable":true,"href":"https:\/\/cellersabate.com\/ca\/wp-json\/wp\/v2\/product_tag?post=2783"}],"curies":[{"name":"wp","href":"https:\/\/api.w.org\/{rel}","templated":true}]}}