{"id":2763,"date":"2025-07-31T10:56:00","date_gmt":"2025-07-31T08:56:00","guid":{"rendered":"https:\/\/cellersabate.com\/plantadeta-blanc-2024\/"},"modified":"2025-10-20T23:17:39","modified_gmt":"2025-10-20T21:17:39","slug":"plantadeta-blanc","status":"publish","type":"product","link":"https:\/\/cellersabate.com\/ca\/plantadeta-blanc\/","title":{"rendered":"Plantadeta Blanc 2024"},"content":{"rendered":"","protected":false},"excerpt":{"rendered":"<p>\u00c9s un vi blanc cupatge de Garnatxa Blanca i Moscatell procedents de vinyes velles de la finca &#8220;La Plantadeta&#8221; (Vilella Baixa). T\u00e9 aromes a flors i fruites tropicals, amb un toc especiat que ens ofereix la fusta. A la boca t\u00e9 una entrada f\u00e0cil i una evoluci\u00f3 completa.<\/p>\n","protected":false},"featured_media":3257,"comment_status":"open","ping_status":"closed","template":"","meta":[],"product_brand":[],"product_cat":[75],"product_tag":[86,81],"class_list":{"0":"post-2763","1":"product","2":"type-product","3":"status-publish","4":"has-post-thumbnail","6":"product_cat-vins","7":"product_tag-plantadeta","8":"product_tag-topvino","10":"first","11":"instock","12":"taxable","13":"shipping-taxable","14":"purchasable","15":"product-type-simple"},"_links":{"self":[{"href":"https:\/\/cellersabate.com\/ca\/wp-json\/wp\/v2\/product\/2763","targetHints":{"allow":["GET"]}}],"collection":[{"href":"https:\/\/cellersabate.com\/ca\/wp-json\/wp\/v2\/product"}],"about":[{"href":"https:\/\/cellersabate.com\/ca\/wp-json\/wp\/v2\/types\/product"}],"replies":[{"embeddable":true,"href":"https:\/\/cellersabate.com\/ca\/wp-json\/wp\/v2\/comments?post=2763"}],"version-history":[{"count":0,"href":"https:\/\/cellersabate.com\/ca\/wp-json\/wp\/v2\/product\/2763\/revisions"}],"wp:featuredmedia":[{"embeddable":true,"href":"https:\/\/cellersabate.com\/ca\/wp-json\/wp\/v2\/media\/3257"}],"wp:attachment":[{"href":"https:\/\/cellersabate.com\/ca\/wp-json\/wp\/v2\/media?parent=2763"}],"wp:term":[{"taxonomy":"product_brand","embeddable":true,"href":"https:\/\/cellersabate.com\/ca\/wp-json\/wp\/v2\/product_brand?post=2763"},{"taxonomy":"product_cat","embeddable":true,"href":"https:\/\/cellersabate.com\/ca\/wp-json\/wp\/v2\/product_cat?post=2763"},{"taxonomy":"product_tag","embeddable":true,"href":"https:\/\/cellersabate.com\/ca\/wp-json\/wp\/v2\/product_tag?post=2763"}],"curies":[{"name":"wp","href":"https:\/\/api.w.org\/{rel}","templated":true}]}}