{"id":2758,"date":"2025-08-20T10:13:58","date_gmt":"2025-08-20T08:13:58","guid":{"rendered":"https:\/\/cellersabate.com\/plantadeta-seleccio-2019-vi-de-paratge\/"},"modified":"2025-10-20T23:08:09","modified_gmt":"2025-10-20T21:08:09","slug":"plantadeta-seleccion-2019-vino-de-paraje","status":"publish","type":"product","link":"https:\/\/cellersabate.com\/ca\/plantadeta-seleccion-2019-vino-de-paraje\/","title":{"rendered":"Plantadeta Selecci\u00f3 2019 Vi de Paratge"},"content":{"rendered":"","protected":false},"excerpt":{"rendered":"<p>Des de l&#8217;anyada 2019, aquest vi ve etiquetat amb la menci\u00f3 &#8220;Vi de Paratge&#8221; que acredita que \u00e9s un vi d&#8217;un \u00fanic paratge: La Plantadeta. Producci\u00f3 de 2873 ampolles numerades. <\/p>\n","protected":false},"featured_media":2741,"comment_status":"open","ping_status":"closed","template":"","meta":[],"product_brand":[],"product_cat":[75],"product_tag":[86,81],"class_list":{"0":"post-2758","1":"product","2":"type-product","3":"status-publish","4":"has-post-thumbnail","6":"product_cat-vins","7":"product_tag-plantadeta","8":"product_tag-topvino","10":"first","11":"instock","12":"taxable","13":"shipping-taxable","14":"purchasable","15":"product-type-variable"},"_links":{"self":[{"href":"https:\/\/cellersabate.com\/ca\/wp-json\/wp\/v2\/product\/2758","targetHints":{"allow":["GET"]}}],"collection":[{"href":"https:\/\/cellersabate.com\/ca\/wp-json\/wp\/v2\/product"}],"about":[{"href":"https:\/\/cellersabate.com\/ca\/wp-json\/wp\/v2\/types\/product"}],"replies":[{"embeddable":true,"href":"https:\/\/cellersabate.com\/ca\/wp-json\/wp\/v2\/comments?post=2758"}],"version-history":[{"count":0,"href":"https:\/\/cellersabate.com\/ca\/wp-json\/wp\/v2\/product\/2758\/revisions"}],"wp:featuredmedia":[{"embeddable":true,"href":"https:\/\/cellersabate.com\/ca\/wp-json\/wp\/v2\/media\/2741"}],"wp:attachment":[{"href":"https:\/\/cellersabate.com\/ca\/wp-json\/wp\/v2\/media?parent=2758"}],"wp:term":[{"taxonomy":"product_brand","embeddable":true,"href":"https:\/\/cellersabate.com\/ca\/wp-json\/wp\/v2\/product_brand?post=2758"},{"taxonomy":"product_cat","embeddable":true,"href":"https:\/\/cellersabate.com\/ca\/wp-json\/wp\/v2\/product_cat?post=2758"},{"taxonomy":"product_tag","embeddable":true,"href":"https:\/\/cellersabate.com\/ca\/wp-json\/wp\/v2\/product_tag?post=2758"}],"curies":[{"name":"wp","href":"https:\/\/api.w.org\/{rel}","templated":true}]}}