{"id":2718,"date":"2025-08-20T09:01:06","date_gmt":"2025-08-20T07:01:06","guid":{"rendered":"https:\/\/cellersabate.com\/oli-nova-collita-2024-arbequina-sense-filtrar-5l\/"},"modified":"2025-10-20T23:30:44","modified_gmt":"2025-10-20T21:30:44","slug":"oli-del-raig-sense-filtrar-arbequina-plantadeta-5l","status":"publish","type":"product","link":"https:\/\/cellersabate.com\/ca\/oli-del-raig-sense-filtrar-arbequina-plantadeta-5l\/","title":{"rendered":"Oli del Raig Plantadeta Collita 2025 sense filtrar 5L"},"content":{"rendered":"","protected":false},"excerpt":{"rendered":"<p><strong>Oli del Raig verge extra de primera premsada, de la nova collita 2025-2026<\/strong><br \/>\nAquest oli Plantadeta \u00e9s extret de les primeres olives arbequines de la temporada, t\u00e9 una acidesa m\u00e0xima de 0,2\u00ba amb un gust suau i afruitat.<\/p>\n<p>En ser de la primera extracci\u00f3, no es filtra sin\u00f3 que s&#8217;omplen les garrafes directament de l&#8217;oli que va produint el mol\u00ed, \u00e9s lleugerament m\u00e9s dens, verd i molt afruitat, una del\u00edcia.<\/p>\n<p><strong>Gaudiu d&#8217;un producte excel\u00b7lent, gaudiu de l&#8217;oli Plantadeta.<\/strong><\/p>\n<h5><span style=\"color: #008000;\">Nova collita! 2025 2025<\/span><br \/>\nFormat: Garrafa de 5L.<br \/>\nSENSE FILTRAR<\/h5>\n","protected":false},"featured_media":2717,"comment_status":"open","ping_status":"closed","template":"","meta":[],"product_brand":[],"product_cat":[67],"product_tag":[70],"class_list":{"0":"post-2718","1":"product","2":"type-product","3":"status-publish","4":"has-post-thumbnail","6":"product_cat-olis","7":"product_tag-topoli","9":"first","10":"instock","11":"sale","12":"taxable","13":"shipping-taxable","14":"purchasable","15":"product-type-simple"},"_links":{"self":[{"href":"https:\/\/cellersabate.com\/ca\/wp-json\/wp\/v2\/product\/2718","targetHints":{"allow":["GET"]}}],"collection":[{"href":"https:\/\/cellersabate.com\/ca\/wp-json\/wp\/v2\/product"}],"about":[{"href":"https:\/\/cellersabate.com\/ca\/wp-json\/wp\/v2\/types\/product"}],"replies":[{"embeddable":true,"href":"https:\/\/cellersabate.com\/ca\/wp-json\/wp\/v2\/comments?post=2718"}],"version-history":[{"count":0,"href":"https:\/\/cellersabate.com\/ca\/wp-json\/wp\/v2\/product\/2718\/revisions"}],"wp:featuredmedia":[{"embeddable":true,"href":"https:\/\/cellersabate.com\/ca\/wp-json\/wp\/v2\/media\/2717"}],"wp:attachment":[{"href":"https:\/\/cellersabate.com\/ca\/wp-json\/wp\/v2\/media?parent=2718"}],"wp:term":[{"taxonomy":"product_brand","embeddable":true,"href":"https:\/\/cellersabate.com\/ca\/wp-json\/wp\/v2\/product_brand?post=2718"},{"taxonomy":"product_cat","embeddable":true,"href":"https:\/\/cellersabate.com\/ca\/wp-json\/wp\/v2\/product_cat?post=2718"},{"taxonomy":"product_tag","embeddable":true,"href":"https:\/\/cellersabate.com\/ca\/wp-json\/wp\/v2\/product_tag?post=2718"}],"curies":[{"name":"wp","href":"https:\/\/api.w.org\/{rel}","templated":true}]}}