{"id":2713,"date":"2025-08-20T09:02:42","date_gmt":"2025-08-20T07:02:42","guid":{"rendered":"https:\/\/cellersabate.com\/oli-arbequina-plantadeta-5l\/"},"modified":"2025-10-20T23:20:23","modified_gmt":"2025-10-20T21:20:23","slug":"oli-arbequina-plantadeta-5l","status":"publish","type":"product","link":"https:\/\/cellersabate.com\/ca\/oli-arbequina-plantadeta-5l\/","title":{"rendered":"Oli Arbequina Plantadeta 5L"},"content":{"rendered":"","protected":false},"excerpt":{"rendered":"<p>L&#8217;oli Plantadeta \u00e9s 100% d&#8217;olives arbequina, que t\u00e9 una acidesa m\u00e0xima de 0,2\u00ba amb un gust suau i afruitat. Celler Sabat\u00e9 us recomana que assaboriu aquest oli i sentiu tota la infinitat de sensacions que produeix. \u00c9s ideal per utilitzar-lo en cru com per cuinar, en la cuina i en plat.<\/p>\n<p>Gaudiu d&#8217;un producte excel\u00b7lent, gaudiu de l&#8217;oli Plantadeta.<br \/>\n<strong>Format:<\/strong> Garrafa de 5L.<br \/>\n<strong>Oli nou \u00b7 Collita 2024-2025.<\/strong><\/p>\n","protected":false},"featured_media":2712,"comment_status":"open","ping_status":"closed","template":"","meta":[],"product_brand":[],"product_cat":[67],"product_tag":[70],"class_list":{"0":"post-2713","1":"product","2":"type-product","3":"status-publish","4":"has-post-thumbnail","6":"product_cat-olis","7":"product_tag-topoli","9":"first","10":"instock","11":"taxable","12":"shipping-taxable","13":"purchasable","14":"product-type-simple"},"_links":{"self":[{"href":"https:\/\/cellersabate.com\/ca\/wp-json\/wp\/v2\/product\/2713","targetHints":{"allow":["GET"]}}],"collection":[{"href":"https:\/\/cellersabate.com\/ca\/wp-json\/wp\/v2\/product"}],"about":[{"href":"https:\/\/cellersabate.com\/ca\/wp-json\/wp\/v2\/types\/product"}],"replies":[{"embeddable":true,"href":"https:\/\/cellersabate.com\/ca\/wp-json\/wp\/v2\/comments?post=2713"}],"version-history":[{"count":0,"href":"https:\/\/cellersabate.com\/ca\/wp-json\/wp\/v2\/product\/2713\/revisions"}],"wp:featuredmedia":[{"embeddable":true,"href":"https:\/\/cellersabate.com\/ca\/wp-json\/wp\/v2\/media\/2712"}],"wp:attachment":[{"href":"https:\/\/cellersabate.com\/ca\/wp-json\/wp\/v2\/media?parent=2713"}],"wp:term":[{"taxonomy":"product_brand","embeddable":true,"href":"https:\/\/cellersabate.com\/ca\/wp-json\/wp\/v2\/product_brand?post=2713"},{"taxonomy":"product_cat","embeddable":true,"href":"https:\/\/cellersabate.com\/ca\/wp-json\/wp\/v2\/product_cat?post=2713"},{"taxonomy":"product_tag","embeddable":true,"href":"https:\/\/cellersabate.com\/ca\/wp-json\/wp\/v2\/product_tag?post=2713"}],"curies":[{"name":"wp","href":"https:\/\/api.w.org\/{rel}","templated":true}]}}