{"id":2707,"date":"2025-08-20T10:46:09","date_gmt":"2025-08-20T08:46:09","guid":{"rendered":"https:\/\/cellersabate.com\/ametlla-mollar-amb-closca-1kg\/"},"modified":"2025-10-21T08:23:53","modified_gmt":"2025-10-21T06:23:53","slug":"ametlla-molla-amb-closca","status":"publish","type":"product","link":"https:\/\/cellersabate.com\/ca\/ametlla-molla-amb-closca\/","title":{"rendered":"Ametlla Molla amb closca 1kg"},"content":{"rendered":"","protected":false},"excerpt":{"rendered":"<p><strong>Ametlla natural de la finca Plantadeta, a <\/strong>la comarca del Priorat.<br \/>\nEls ametllers estan envoltats de vinyes, oliveres i muntanyes, en un lloc \u00fanic.<\/p>\n<p><strong>PROC\u00c9S DE RECOLLIDA I ASSECAT<\/strong><br \/>\nS&#8217;espera a collir les ametlles fins que estan en el punt exacte per recollir-les, llavors s\u00f3n recollides amb vares i xarxes, sempre amb el sistema tradicional. Un cop recollides s&#8217;ensaquen i es porten al magatzem, on es perlen a m\u00e0 una a una, alhora les ametlles s\u00f3n seleccionades minuciosament. L&#8217;assecat de les ametlles es realitza dipositant-les en xarxes i assecant-les amb un proc\u00e9s natural, assecades al sol. Despr\u00e9s s\u00f3n embutxacades en malles per afavorir l&#8217;aireaci\u00f3 i evitar que tornin a agafar la humitat.   <\/p>\n<p>Les ametlles s\u00f3n un aliment tradicional de la dieta mediterr\u00e0nia ja que formen part de molts dels seus plats, ja que s\u00f3n riques en prote\u00efnes, fibra, minerals i vitamines.<\/p>\n<p><strong>Varietat: Mollar<\/strong> (closca f\u00e0cil de trencar amb qualsevol trencanous o fins i tot amb les mans)<\/p>\n<p>Pes: 1 quilo en el moment de l&#8217;embossat.<br \/>\nCollita 2025<\/p>\n","protected":false},"featured_media":2706,"comment_status":"open","ping_status":"closed","template":"","meta":[],"product_brand":[],"product_cat":[67],"product_tag":[68],"class_list":{"0":"post-2707","1":"product","2":"type-product","3":"status-publish","4":"has-post-thumbnail","6":"product_cat-olis","7":"product_tag-altres","9":"first","10":"instock","11":"taxable","12":"shipping-taxable","13":"purchasable","14":"product-type-simple"},"_links":{"self":[{"href":"https:\/\/cellersabate.com\/ca\/wp-json\/wp\/v2\/product\/2707","targetHints":{"allow":["GET"]}}],"collection":[{"href":"https:\/\/cellersabate.com\/ca\/wp-json\/wp\/v2\/product"}],"about":[{"href":"https:\/\/cellersabate.com\/ca\/wp-json\/wp\/v2\/types\/product"}],"replies":[{"embeddable":true,"href":"https:\/\/cellersabate.com\/ca\/wp-json\/wp\/v2\/comments?post=2707"}],"version-history":[{"count":0,"href":"https:\/\/cellersabate.com\/ca\/wp-json\/wp\/v2\/product\/2707\/revisions"}],"wp:featuredmedia":[{"embeddable":true,"href":"https:\/\/cellersabate.com\/ca\/wp-json\/wp\/v2\/media\/2706"}],"wp:attachment":[{"href":"https:\/\/cellersabate.com\/ca\/wp-json\/wp\/v2\/media?parent=2707"}],"wp:term":[{"taxonomy":"product_brand","embeddable":true,"href":"https:\/\/cellersabate.com\/ca\/wp-json\/wp\/v2\/product_brand?post=2707"},{"taxonomy":"product_cat","embeddable":true,"href":"https:\/\/cellersabate.com\/ca\/wp-json\/wp\/v2\/product_cat?post=2707"},{"taxonomy":"product_tag","embeddable":true,"href":"https:\/\/cellersabate.com\/ca\/wp-json\/wp\/v2\/product_tag?post=2707"}],"curies":[{"name":"wp","href":"https:\/\/api.w.org\/{rel}","templated":true}]}}