{"id":2705,"date":"2025-08-20T10:46:45","date_gmt":"2025-08-20T08:46:45","guid":{"rendered":"https:\/\/cellersabate.com\/nous-amb-closca-1k\/"},"modified":"2025-10-20T22:44:48","modified_gmt":"2025-10-20T20:44:48","slug":"nous-amb-closca","status":"publish","type":"product","link":"https:\/\/cellersabate.com\/ca\/nous-amb-closca\/","title":{"rendered":"Nous amb closca 1kg"},"content":{"rendered":"","protected":false},"excerpt":{"rendered":"<p>Les nous del Celler Sabat\u00e9, de la Finca Plantadeta, a la comarca del Priorat, tenen un sabor bon\u00edssim i molt natural.<br \/>\nEs cultiven com s&#8217;ha fet sempre, amb cura i sense presses.<br \/>\nEls noguers estan envoltats de vinyes, oliveres i muntanyes, en un lloc \u00fanic.<br \/>\n<span class=\"jet-listing-dynamic-field__content\"><strong>PROC\u00c9S DE RECOLLIDA I ASSECAT<\/strong><br \/>\nL&#8217;assecat de les nous es realitza dipositant-les en xarxes i assecant-les amb un proc\u00e9s natural, assecades al sol. Despr\u00e9s s\u00f3n embolsades en malles per afavorir l&#8217;aireaci\u00f3 i evitar que tornin a agafar humitat. <\/span><\/p>\n<p>Pes: 1 quilo en el moment de l&#8217;embutxacat.<br \/>\nCollita 2025<\/p>\n","protected":false},"featured_media":2704,"comment_status":"open","ping_status":"closed","template":"","meta":[],"product_brand":[],"product_cat":[67],"product_tag":[68],"class_list":{"0":"post-2705","1":"product","2":"type-product","3":"status-publish","4":"has-post-thumbnail","6":"product_cat-olis","7":"product_tag-altres","9":"first","10":"instock","11":"taxable","12":"shipping-taxable","13":"purchasable","14":"product-type-simple"},"_links":{"self":[{"href":"https:\/\/cellersabate.com\/ca\/wp-json\/wp\/v2\/product\/2705","targetHints":{"allow":["GET"]}}],"collection":[{"href":"https:\/\/cellersabate.com\/ca\/wp-json\/wp\/v2\/product"}],"about":[{"href":"https:\/\/cellersabate.com\/ca\/wp-json\/wp\/v2\/types\/product"}],"replies":[{"embeddable":true,"href":"https:\/\/cellersabate.com\/ca\/wp-json\/wp\/v2\/comments?post=2705"}],"version-history":[{"count":0,"href":"https:\/\/cellersabate.com\/ca\/wp-json\/wp\/v2\/product\/2705\/revisions"}],"wp:featuredmedia":[{"embeddable":true,"href":"https:\/\/cellersabate.com\/ca\/wp-json\/wp\/v2\/media\/2704"}],"wp:attachment":[{"href":"https:\/\/cellersabate.com\/ca\/wp-json\/wp\/v2\/media?parent=2705"}],"wp:term":[{"taxonomy":"product_brand","embeddable":true,"href":"https:\/\/cellersabate.com\/ca\/wp-json\/wp\/v2\/product_brand?post=2705"},{"taxonomy":"product_cat","embeddable":true,"href":"https:\/\/cellersabate.com\/ca\/wp-json\/wp\/v2\/product_cat?post=2705"},{"taxonomy":"product_tag","embeddable":true,"href":"https:\/\/cellersabate.com\/ca\/wp-json\/wp\/v2\/product_tag?post=2705"}],"curies":[{"name":"wp","href":"https:\/\/api.w.org\/{rel}","templated":true}]}}