{"id":2657,"date":"2025-09-05T11:41:54","date_gmt":"2025-09-05T09:41:54","guid":{"rendered":"https:\/\/cellersabate.com\/vin-mama-mare-mother-edicio-especial\/"},"modified":"2025-10-20T22:42:54","modified_gmt":"2025-10-20T20:42:54","slug":"vi-mama-mare-mother-edicion-especial","status":"publish","type":"product","link":"https:\/\/cellersabate.com\/ca\/vi-mama-mare-mother-edicion-especial\/","title":{"rendered":"Vi Mama Mare Mother edici\u00f3 especial"},"content":{"rendered":"","protected":false},"excerpt":{"rendered":"<p>Mam\u00e1 Mare mother \u00e9s una edici\u00f3 especial del Plantadeta Garnatxa Blanca un vi blanc 100% Garnatxa Blanca (DOQ Priorat). <br \/>Amb aquest vi volem expressar en una sola paraula i dit en molts idiomes: mam\u00e1, mare, mother, mor, maman, mutter, mam\u00e3e, ama, mamma&#8230; una part d&#8217;on venim. De la mateixa manera que el vi mostra les terres d&#8217;on prov\u00e9, nosaltres som l&#8217;ess\u00e8ncia d&#8217;on venim: mare. <\/p>\n<p><strong>Un vi amb una etiqueta \u00fanica i minimalista capa\u00e7 de treure el teu costat m\u00e9s art\u00edstic. Personalitza&#8217;l, treu el teu costat m\u00e9s creatiu i fes que sigui un vi \u00fanic. Fes que qui el rebi es senti especial.  <\/strong>Et portem el millor vi pel dia de la mare. Un regal original per mares primerenques o expertes, en definitiva el millor regal pel dia de la mare. <\/p>\n","protected":false},"featured_media":2655,"comment_status":"open","ping_status":"closed","template":"","meta":[],"product_brand":[],"product_cat":[75],"product_tag":[76],"class_list":{"0":"post-2657","1":"product","2":"type-product","3":"status-publish","4":"has-post-thumbnail","6":"product_cat-vins","7":"product_tag-especials","9":"first","10":"instock","11":"taxable","12":"shipping-taxable","13":"purchasable","14":"product-type-simple"},"_links":{"self":[{"href":"https:\/\/cellersabate.com\/ca\/wp-json\/wp\/v2\/product\/2657","targetHints":{"allow":["GET"]}}],"collection":[{"href":"https:\/\/cellersabate.com\/ca\/wp-json\/wp\/v2\/product"}],"about":[{"href":"https:\/\/cellersabate.com\/ca\/wp-json\/wp\/v2\/types\/product"}],"replies":[{"embeddable":true,"href":"https:\/\/cellersabate.com\/ca\/wp-json\/wp\/v2\/comments?post=2657"}],"version-history":[{"count":0,"href":"https:\/\/cellersabate.com\/ca\/wp-json\/wp\/v2\/product\/2657\/revisions"}],"wp:featuredmedia":[{"embeddable":true,"href":"https:\/\/cellersabate.com\/ca\/wp-json\/wp\/v2\/media\/2655"}],"wp:attachment":[{"href":"https:\/\/cellersabate.com\/ca\/wp-json\/wp\/v2\/media?parent=2657"}],"wp:term":[{"taxonomy":"product_brand","embeddable":true,"href":"https:\/\/cellersabate.com\/ca\/wp-json\/wp\/v2\/product_brand?post=2657"},{"taxonomy":"product_cat","embeddable":true,"href":"https:\/\/cellersabate.com\/ca\/wp-json\/wp\/v2\/product_cat?post=2657"},{"taxonomy":"product_tag","embeddable":true,"href":"https:\/\/cellersabate.com\/ca\/wp-json\/wp\/v2\/product_tag?post=2657"}],"curies":[{"name":"wp","href":"https:\/\/api.w.org\/{rel}","templated":true}]}}