{"id":2536,"date":"2025-09-10T09:47:37","date_gmt":"2025-09-10T07:47:37","guid":{"rendered":"https:\/\/cellersabate.com\/caixa-vins-i-degustacio-1\/"},"modified":"2025-10-20T22:18:24","modified_gmt":"2025-10-20T20:18:24","slug":"caixa-de-vins-i-degustacio-gourmet-1","status":"publish","type":"product","link":"https:\/\/cellersabate.com\/ca\/caixa-de-vins-i-degustacio-gourmet-1\/","title":{"rendered":"Caixa de vins i degustaci\u00f3 1"},"content":{"rendered":"","protected":false},"excerpt":{"rendered":"<p>Regala aquesta fant\u00e0stica caixa amb 3 vins i productes degustaci\u00f3 per a moments especials o com un magn\u00edfic autoregal. Cont\u00e9: <\/p>\n<p>1 Ampolla de vi negre Plantadeta Garnatxa<br \/>\n1 Ampolla de vi blanc Plantadeta Garnatxa Blanca<br \/>\n1 Ampolla de vi negre Plantadeta Selecci\u00f3<br \/>\n1\/2 Formatge d&#8217;Ovella Semicurat de Serra del Tormo<br \/>\n1 Paquet d&#8217;avellanes de La Trencadora (150g)<br \/>\n1 Pe\u00e7a de Llonganissa de Pag\u00e8s<\/p>\n","protected":false},"featured_media":2528,"comment_status":"open","ping_status":"closed","template":"","meta":[],"product_brand":[],"product_cat":[65],"product_tag":[],"class_list":{"0":"post-2536","1":"product","2":"type-product","3":"status-publish","4":"has-post-thumbnail","6":"product_cat-per-a-regalar","8":"first","9":"instock","10":"taxable","11":"shipping-taxable","12":"purchasable","13":"product-type-simple"},"_links":{"self":[{"href":"https:\/\/cellersabate.com\/ca\/wp-json\/wp\/v2\/product\/2536","targetHints":{"allow":["GET"]}}],"collection":[{"href":"https:\/\/cellersabate.com\/ca\/wp-json\/wp\/v2\/product"}],"about":[{"href":"https:\/\/cellersabate.com\/ca\/wp-json\/wp\/v2\/types\/product"}],"replies":[{"embeddable":true,"href":"https:\/\/cellersabate.com\/ca\/wp-json\/wp\/v2\/comments?post=2536"}],"version-history":[{"count":0,"href":"https:\/\/cellersabate.com\/ca\/wp-json\/wp\/v2\/product\/2536\/revisions"}],"wp:featuredmedia":[{"embeddable":true,"href":"https:\/\/cellersabate.com\/ca\/wp-json\/wp\/v2\/media\/2528"}],"wp:attachment":[{"href":"https:\/\/cellersabate.com\/ca\/wp-json\/wp\/v2\/media?parent=2536"}],"wp:term":[{"taxonomy":"product_brand","embeddable":true,"href":"https:\/\/cellersabate.com\/ca\/wp-json\/wp\/v2\/product_brand?post=2536"},{"taxonomy":"product_cat","embeddable":true,"href":"https:\/\/cellersabate.com\/ca\/wp-json\/wp\/v2\/product_cat?post=2536"},{"taxonomy":"product_tag","embeddable":true,"href":"https:\/\/cellersabate.com\/ca\/wp-json\/wp\/v2\/product_tag?post=2536"}],"curies":[{"name":"wp","href":"https:\/\/api.w.org\/{rel}","templated":true}]}}