{"id":2523,"date":"2025-09-10T11:12:06","date_gmt":"2025-09-10T09:12:06","guid":{"rendered":"https:\/\/cellersabate.com\/estoig-regal-1\/"},"modified":"2025-10-20T22:08:18","modified_gmt":"2025-10-20T20:08:18","slug":"estoig-regal-1","status":"publish","type":"product","link":"https:\/\/cellersabate.com\/ca\/estoig-regal-1\/","title":{"rendered":"Estoi regal 1"},"content":{"rendered":"","protected":false},"excerpt":{"rendered":"<p>Fant\u00e0stic estoig de regal per una ocasi\u00f3 especial o per donar-se un caprici. Aquest estoig est\u00e0 serigrafiat i es compon de: <\/p>\n<p>1 Ampolla de vi negre Plantadeta Garnatxa<br \/>\n1 Pot de pasta d&#8217;Olives Negra (100g)<br \/>\n1 Paquet d&#8217;avellanes de La Trencadora (150g)<br \/>\n1 Pot de Melmelada sabor a taronja i xocolata Del Pot Petit (220g)<\/p>\n","protected":false},"featured_media":2522,"comment_status":"open","ping_status":"closed","template":"","meta":[],"product_brand":[],"product_cat":[65],"product_tag":[],"class_list":{"0":"post-2523","1":"product","2":"type-product","3":"status-publish","4":"has-post-thumbnail","6":"product_cat-per-a-regalar","8":"first","9":"instock","10":"taxable","11":"shipping-taxable","12":"purchasable","13":"product-type-simple"},"_links":{"self":[{"href":"https:\/\/cellersabate.com\/ca\/wp-json\/wp\/v2\/product\/2523","targetHints":{"allow":["GET"]}}],"collection":[{"href":"https:\/\/cellersabate.com\/ca\/wp-json\/wp\/v2\/product"}],"about":[{"href":"https:\/\/cellersabate.com\/ca\/wp-json\/wp\/v2\/types\/product"}],"replies":[{"embeddable":true,"href":"https:\/\/cellersabate.com\/ca\/wp-json\/wp\/v2\/comments?post=2523"}],"version-history":[{"count":0,"href":"https:\/\/cellersabate.com\/ca\/wp-json\/wp\/v2\/product\/2523\/revisions"}],"wp:featuredmedia":[{"embeddable":true,"href":"https:\/\/cellersabate.com\/ca\/wp-json\/wp\/v2\/media\/2522"}],"wp:attachment":[{"href":"https:\/\/cellersabate.com\/ca\/wp-json\/wp\/v2\/media?parent=2523"}],"wp:term":[{"taxonomy":"product_brand","embeddable":true,"href":"https:\/\/cellersabate.com\/ca\/wp-json\/wp\/v2\/product_brand?post=2523"},{"taxonomy":"product_cat","embeddable":true,"href":"https:\/\/cellersabate.com\/ca\/wp-json\/wp\/v2\/product_cat?post=2523"},{"taxonomy":"product_tag","embeddable":true,"href":"https:\/\/cellersabate.com\/ca\/wp-json\/wp\/v2\/product_tag?post=2523"}],"curies":[{"name":"wp","href":"https:\/\/api.w.org\/{rel}","templated":true}]}}